{"id":9019,"date":"2022-11-19T10:45:11","date_gmt":"2022-11-19T08:45:11","guid":{"rendered":"https:\/\/coffeeberry.coffee\/politique-en-matiere-de-cookies\/"},"modified":"2023-01-13T10:52:09","modified_gmt":"2023-01-13T08:52:09","slug":"politique-en-matiere-de-cookies","status":"publish","type":"page","link":"https:\/\/coffeeberry.coffee\/fr\/politique-en-matiere-de-cookies\/","title":{"rendered":"Politique en mati\u00e8re de cookies"},"content":{"rendered":"<p>[et_pb_section fb_built=\u00a0\u00bb1&Prime; _builder_version=\u00a0\u00bb4.18.0&Prime; _module_preset=\u00a0\u00bbdefault\u00a0\u00bb global_colors_info=\u00a0\u00bb{}\u00a0\u00bb][et_pb_row _builder_version=\u00a0\u00bb4.18.0&Prime; _module_preset=\u00a0\u00bbdefault\u00a0\u00bb global_colors_info=\u00a0\u00bb{}\u00a0\u00bb][et_pb_column type=\u00a0\u00bb4_4&Prime; _builder_version=\u00a0\u00bb4.18.0&Prime; _module_preset=\u00a0\u00bbdefault\u00a0\u00bb global_colors_info=\u00a0\u00bb{}\u00a0\u00bb][et_pb_post_title meta=\u00a0\u00bboff\u00a0\u00bb featured_image=\u00a0\u00bboff\u00a0\u00bb _builder_version=\u00a0\u00bb4.18.0&Prime; _module_preset=\u00a0\u00bbdefault\u00a0\u00bb global_colors_info=\u00a0\u00bb{}\u00a0\u00bb][\/et_pb_post_title][\/et_pb_column][\/et_pb_row][et_pb_row _builder_version=\u00a0\u00bb4.18.0&Prime; _module_preset=\u00a0\u00bbdefault\u00a0\u00bb global_colors_info=\u00a0\u00bb{}\u00a0\u00bb][et_pb_column type=\u00a0\u00bb4_4&Prime; _builder_version=\u00a0\u00bb4.18.0&Prime; _module_preset=\u00a0\u00bbdefault\u00a0\u00bb global_colors_info=\u00a0\u00bb{}\u00a0\u00bb][et_pb_text _builder_version=\u00a0\u00bb4.18.0&Prime; _module_preset=\u00a0\u00bbdefault\u00a0\u00bb global_colors_info=\u00a0\u00bb{}\u00a0\u00bb]Politique en mati\u00e8re de cookies <\/p>\n<p>Informations<br \/>\nNous utilisons des cookies sur notre site web https:\/\/coffeeberry.coffee afin de collecter des informations qui nous aident \u00e0 am\u00e9liorer votre exp\u00e9rience en ligne. Dans la pr\u00e9sente Politique en mati\u00e8re de cookies, cette cat\u00e9gorie de technologies, qui comprend les cookies, les pixels, les balises Web et les gifs, est collectivement couverte par le terme \u00ab Cookies \u00bb. La pr\u00e9sente Politique explique les diff\u00e9rents types de cookies utilis\u00e9s sur le site web et comment ils sont contr\u00f4l\u00e9s. Nous nous r\u00e9servons le droit de modifier cette politique en mati\u00e8re de cookies \u00e0 tout moment. Vous \u00eates pri\u00e9 de consulter l&rsquo;indication \u00ab R\u00c9VIS\u00c9E \u00bb en haut de cette page pour v\u00e9rifier quand cette politique en mati\u00e8re de cookies a \u00e9t\u00e9 r\u00e9vis\u00e9e pour la derni\u00e8re fois. Toute modification de la pr\u00e9sente politique en mati\u00e8re de cookies entrera en vigueur \u00e0 partir du moment o\u00f9 la politique de cookies r\u00e9vis\u00e9e sera disponible sur ou via ce site web. Toute information personnelle que nous recueillons gr\u00e2ce \u00e0 l&rsquo;utilisation de cookies sera obtenue \u00e0 la suite d\u2019un message de notification expresse et uniquement sous r\u00e9serve de votre consentement. Si n\u00e9cessaire, vous avez la possibilit\u00e9 de vous d\u00e9sinscrire \/ de d\u00e9noncer.<br \/>\nNous esp\u00e9rons que cette politique en mati\u00e8re de cookies vous aidera \u00e0 comprendre leur r\u00f4le et \u00e0 vous sentir plus confiant en ce qui concerne l&rsquo;utilisation des cookies \u00e0 notre c\u00f4t\u00e9. Veuillez \u00e9galement consulter notre politique de confidentialit\u00e9 https:\/\/coffeeberry.coffee afin de comprendre comment nous traitons les donn\u00e9es \u00e0 caract\u00e8re personnel que nous collectons pour votre navigation. Si vous avez d&rsquo;autres questions, n&rsquo;h\u00e9sitez pas \u00e0 nous contacter \u00e0 dpo@grand.gr<\/p>\n<p>1.QU\u2019EST-CE QUE LES COOKIES ?<br \/>\nLes cookies sont de petits fichiers texte qui sont install\u00e9s sur votre ordinateur ou votre appareil mobile; ils portent des lettres, des chiffres et un identifiant unique. Ils sont largement utilis\u00e9s pour faire fonctionner les sites web, ou pour permettre de travailler mieux et plus efficacement. Ils peuvent le faire parce que les sites web peuvent lire et \u00e9crire ces fichiers, leur permettant de vous reconna\u00eetre et de retenir des informations importantes, ce qui rend l&rsquo;utilisation d&rsquo;Internet beaucoup plus facile pour vous (par exemple en m\u00e9morisant les pr\u00e9f\u00e9rences de l&rsquo;utilisateur).<br \/>\nEn particulier :<\/p>\n<p>Ils recueillent des informations sur les pages que vous visitez et vos activit\u00e9s sur le site web<br \/>\nIls permettent au site web de vous reconna\u00eetre et de faciliter votre exp\u00e9rience; par exemple :<\/p>\n<p>M\u00e9morisez votre ID utilisateur<br \/>\nVous proposer un panier en ligne avec vos pr\u00e9f\u00e9rences<br \/>\nSurveiller vos pr\u00e9f\u00e9rences si vous visitez \u00e0 nouveau le site web<br \/>\nPersonnalisez votre exp\u00e9rience de navigation<br \/>\nAfficher des publicit\u00e9s cibl\u00e9es sur vous<\/p>\n<p>Les cookies transmettent ces informations \u00e0 l&rsquo;ordinateur (ou au serveur) du site web Vous pouvez configurer votre navigateur web pour vous avertir de toute tentative de placement de cookies sur votre ordinateur ou pour limiter le type de cookies que vous autorisez \u00e0 placer sur votre ordinateur.<\/p>\n<p>2. QUELS SONT LES TYPES DE COOKIES UTILISES ?<br \/>\nVous trouverez ci-dessous une liste des diff\u00e9rents types de cookies que nous pouvons utiliser sur le site web.<\/p>\n<p>2.1. Cookies obligatoires<br \/>\nLes cookies obligatoires sont indispensables au bon fonctionnement du site web, vous permettant de naviguer et d&rsquo;utiliser ses fonctionnalit\u00e9s, comme l&rsquo;acc\u00e8s \u00e0 des zones s\u00e9curis\u00e9es ou l\u2019ajout d\u2019articles \u00e0 votre panier d\u2019achats. Ces cookies ne peuvent pas identifier votre identit\u00e9 individuelle. Sans ces cookies, nous ne pouvons pas vous fournir une exp\u00e9rience fonctionnelle via notre site web.<\/p>\n<p>2.2. Cookies de performance Les cookies de performance, \u00e9galement appel\u00e9s \u00ab cookies d&rsquo;analyse \u00bb, collectent des informations qui concernent votre utilisation de ce site web et ils nous permettent d&rsquo;am\u00e9liorer son fonctionnement. Par exemple, les cookies de performance nous indiquent les pages du site web qui sont visit\u00e9es le plus fr\u00e9quemment, ils nous permettent de surveiller les mod\u00e8les d&rsquo;utilisation globaux du site web, ils nous aident \u00e0 enregistrer les difficult\u00e9s que vous pourriez rencontrer concernant le site web et sugg\u00e8rent si nos publicit\u00e9s sont efficaces ou non. Sur ce site Web, les cookies de performance peuvent inclure :<\/p>\n<p>Nom du cookie Description Domaine<br \/>\nGoogle Analytics Nous utilisons Google Analytics pour traquer des informations sur la reproduction vid\u00e9o www.google.com\/intl\/en_en\/policies\/technologies\/types<br \/>\nGoogle Tag Manager Nous utilisons GTM \u00e0 des fins d&rsquo;analyse www.google.com\/policies\/privacy\/<\/p>\n<p>2.3. Cookies fonctionnels Dans certains cas, nous pouvons utiliser des cookies fonctionnels Les cookies fonctionnels nous permettent de m\u00e9moriser les choix que vous faites sur notre site web et de vous fournir des fonctionnalit\u00e9s \/ caract\u00e9ristiques enrichies \/ am\u00e9lior\u00e9es et personnalis\u00e9es, telles que la personnalisation \/ le formatage d&rsquo;un site web particulier, la m\u00e9morisation si nous vous avons demand\u00e9 de participer \u00e0 une activit\u00e9 promotionnelle et en ce qui concerne d&rsquo;autres services que vous avez demand\u00e9s, comme regarder une vid\u00e9o ou commenter un blog. Toutes ces fonctionnalit\u00e9s nous aident \u00e0 am\u00e9liorer votre visite sur notre site web. Sur ce site web, les cookies fonctionnels peuvent inclure :<br \/>\nNom du cookie Description Domaine<br \/>\nCookie d\u00e9fini par l&rsquo;utilisateur de la Plate-forme pour les options de langue des sous-titres www.coffeeberry.coffee<br \/>\nCookie policy accepted Enregistre l&rsquo;acceptation de la Politique en mati\u00e8re de cookies www.coffeeberry.coffee<br \/>\nNewsletter confirmation subscriber Cookie plac\u00e9 pour montrer un message \u00e0 l&rsquo;utilisateur lorsqu&rsquo;il a confirm\u00e9 son abonnement \u00e0 la lettre d&rsquo;information \u00e9lectronique (newsletter) www.coffeeberry.coffee<br \/>\nNewsletter confirmation unsubscribe Cookie plac\u00e9 pour montrer un message \u00e0 l&rsquo;utilisateur lorsqu&rsquo;il a annul\u00e9 son abonnement \u00e0 la lettre d&rsquo;information \u00e9lectronique (newsletter)<br \/>\n www.coffeeberry.coffee<\/p>\n<p>2.4. Cookies de ciblage individuel ou publicitaires Nous, ainsi que nos fournisseurs de services, pouvons utiliser des cookies de ciblage individuel ou publicitaires pour afficher des publicit\u00e9s qui, selon nous, sont les plus pertinentes en fonction de votre profil et de vos int\u00e9r\u00eats. Par exemple, nous pouvons utiliser des cookies de ciblage individuel ou publicitaires afin de limiter la fr\u00e9quence \u00e0 laquelle vous voyez la m\u00eame publicit\u00e9 sur notre site web et pour nous aider \u00e0 \u00e9valuer l&rsquo;efficacit\u00e9 de nos campagnes publicitaires. Ces cookies m\u00e9morisent ce que vous avez vu \/ regard\u00e9 sur notre site web et nous pouvons partager ces informations avec d&rsquo;autres organisations, telles que des agences de publicit\u00e9.<\/p>\n<p>Pour plus d&rsquo;informations sur les cookies de ciblage individuel et publicitaires et sur la fa\u00e7on de les d\u00e9sactiver, vous pouvez visiter le site web www.youronlinechoices.com\/uk\/your-ad-choices ou www.allaboutcookies.org\/manage-cookies\/index.html. La d\u00e9sactivation des cookies de ciblage individuel ou des cookies publicitaires de tiers ne signifie pas n\u00e9cessairement que vous ne verrez pas nos publicit\u00e9s sur les sites web de tiers, mais seulement que ces publicit\u00e9s ne vous seront pas cibl\u00e9es via l&rsquo;utilisation de cookies de tiers.<br \/>\nSur ce site web, les cookies de ciblage individuel ou publicitaires peuvent inclure :<\/p>\n<p>Nom du cookie Description Domaine<br \/>\n\u2026\u2026\u2026\u2026 AdServer Cookies-<br \/>\n_uid,<br \/>\n_vr<br \/>\n_ha, _pr,<br \/>\n_sid, _wr,<br \/>\n_auv,<br \/>\nCes cookies sont utilis\u00e9s pour une meilleure gestion des publicit\u00e9s via \u2026\u2026\u2026.AdServer. La fonction de ces cookies comprend l&rsquo;identification des campagnes, le suivi des unit\u00e9s publicitaires, l&rsquo;identification et la gestion de la session du navigateur, le suivi des publicit\u00e9s r\u00e9cemment consult\u00e9es par un utilisateur.<br \/>\nPour plus d\u2019informations veuillez visiter : http:\/\/&#8230;&#8230;..\/&#8230;&#8230;-&#8230;..<br \/>\nVous pouvez vous d\u00e9sabonner \/ d\u00e9sinscrire sur : http:\/\/&#8230;&#8230;\/optout-html<br \/>\nFacebook cookies Cookies pour la connexion sur le r\u00e9seau social Facebook<br \/>\n[m]]PLATFORM \u2013 id, \u2026\u2026\u2026\u2026\u2026_<PARTNER> Cookies tiers, de ciblage individuel \/ publicitaires et persistants (ce qui signifie qu&rsquo;ils sont conserv\u00e9s jusqu&rsquo;\u00e0 leur expiration ou jusqu&rsquo;\u00e0 que vous les supprimez \/ les d\u00e9sactivez).<\/p>\n<p>Ces cookies permettent aux navigateurs de reconna\u00eetre et de m\u00e9moriser les d\u00e9tails de l&rsquo;utilisateur et d&rsquo;autres informations. <\/p>\n<p>Ils sont utilis\u00e9s pour comprendre les publicit\u00e9s que vous diffusez en ligne (par exemple, sur quels sites web elles ont \u00e9t\u00e9 diffus\u00e9es, qui les a consult\u00e9s et si quelqu&rsquo;un a interagi ou non avec elles), dans le but d&rsquo;am\u00e9liorer l&rsquo;efficacit\u00e9 de chaque publicit\u00e9 et dans le but de diffuser des publicit\u00e9s aux utilisateurs qui sont plus susceptibles d&rsquo;\u00eatre int\u00e9ress\u00e9s par nos produits et services. <\/p>\n<p>Pour plus d\u2019informations veuillez visiter https:\/\/www&#8230;..com\/mplatform-privacy-notice<br \/>\n\u2026\u2026.com<\/p>\n<p>2.5. Cookies flash Dans certains cas, nous pouvons utiliser AdobeFlash Player afin de visualiser certains contenus, tels que des clips vid\u00e9o ou des animations. Afin d\u2019 am\u00e9liorer votre exp\u00e9rience utilisateur, des objets locaux partag\u00e9s (aussi appel\u00e9s \u00ab cookies Flash \u00bb; en anglais \u00ab local shared object \u00bb ou \u00ab LSO \u00bb) sont utilis\u00e9s, afin de fournir certaines fonctionnalit\u00e9s telles que la m\u00e9morisation de vos param\u00e8tres et pr\u00e9f\u00e9rences. Les cookies Flash sont stock\u00e9s dans votre appareil mais sont g\u00e9r\u00e9s \u00e0 travers d\u2019une interface diff\u00e9rente de celle fournie par votre navigateur Web. Cela signifie que vous ne pouvez pas g\u00e9rer les cookies Flash au niveau du navigateur de la m\u00eame mani\u00e8re que vous g\u00e9reriez d&rsquo;autres cookies. Au lieu de cela, vous pouvez acc\u00e9der aux outils de gestion Flash directement \u00e0 partir du site web d&rsquo;Adobe Le site web d&rsquo;Adobe fournit des informations d\u00e9taill\u00e9es sur la fa\u00e7on de d\u00e9sactiver ou d&rsquo;effacer les cookies Flash &#8211; voir http:\/\/www.adobe.com\/security\/flashplayer pour plus d&rsquo;informations Veuillez noter que si vous d\u00e9sactivez ou refusez les cookies Flash pour ce site web, il est possible que vous ne puissiez pas acc\u00e9der \u00e0 certaines fonctionnalit\u00e9s, telles que le contenu vid\u00e9o ou les services qui n\u00e9cessitent votre inscription\/enregistrement.<\/p>\n<p>3. COMMENT LES TIERS UTILISENT-ILS LES COOKIES SUR CE SITE WEB ?<br \/>\nDans certains cas, nous pouvons travailler avec des tiers pour fournir des services sur notre site web. Des annonceurs tiers et d&rsquo;autres entreprises peuvent utiliser leurs propres cookies pour collecter des informations concernant vos activit\u00e9s sur notre site web et\/ou les publicit\u00e9s que vous avez s\u00e9lectionn\u00e9es. Ces informations peuvent \u00eatre utilis\u00e9es par eux afin de diffuser des publicit\u00e9s qui, selon eux, sont susceptibles de correspondre \u00e0 votre profil et \u00e0 vos int\u00e9r\u00eats, en fonction du contenu que vous avez d\u00e9j\u00e0 consult\u00e9. Les annonceurs tiers peuvent \u00e9galement utiliser ces informations pour \u00e9valuer l&rsquo;efficacit\u00e9 de leurs publicit\u00e9s. Nous ne contr\u00f4lons pas ces cookies et, afin de d\u00e9sactiver ou de refuser les cookies tiers, veuillez-vous r\u00e9f\u00e9rer au site web de la troisi\u00e8me partie respective. Vous pouvez \u00e9galement en savoir plus sur le contr\u00f4le des cookies dans la section 4 ci-dessous.<\/p>\n<p>4. COMMENT CONTR\u00d4LER LES COOKIES ?<br \/>\nVous pouvez \u00e0 tout moment refuser l&rsquo;acceptation des cookies de ce site web en activant le param\u00e8tre respectif de votre navigateur, ce qui vous permet de les d\u00e9sactiver. Vous pouvez \u00e9galement refuser l&rsquo;acceptation des cookies Flash de ce site web \u00e0 l&rsquo;aide des outils de gestion Adobe Flash \u00e0 l&rsquo;adresse www.adobe.com\/security\/flashplayer. Plus d&rsquo;informations sur la proc\u00e9dure applicable pour d\u00e9sactiver les cookies sont disponibles sur le site web du fournisseur dans le navigateur web, via la fen\u00eatre d&rsquo;aide. Vous pouvez visiter www.allaboutcookies.org\/manage-cookies\/index.html pour plus de d\u00e9tails sur les navigateurs les plus couramment utilis\u00e9s. Veuillez noter que si les cookies sont d\u00e9sactiv\u00e9s, il est possible que certaines parties des fonctionnalit\u00e9s de ce site web ne fonctionnent pas comme pr\u00e9vu.<br \/>\nVeuillez aussi noter qu&rsquo;il existe un navigateur bloquant les plug-ins qui entravent en fait le flux d&rsquo;informations d&rsquo;un ordinateur vers les entreprises de suivi et permettent aux consommateurs de bloquer les publicit\u00e9s. Ils emp\u00eachent les entreprises d&rsquo;utiliser des cookies ou des empreintes digitales pour suivre votre comportement en ligne.<\/p>\n<p>Tous les navigateurs les plus r\u00e9cents permettent \u00e0 l&rsquo;utilisateur de modifier les param\u00e8tres des cookies \u00e0 la fonction \u00ab ne pas suivre \u00bb. Ceux-ci se trouvent g\u00e9n\u00e9ralement dans le menu du navigateur de l&rsquo;utilisateur sous \u00ab options \u00bb ou \u00ab pr\u00e9f\u00e9rences \u00bb. Vous pouvez d\u00e9couvrir comment les configurer en suivant les instructions dans les liens ci-dessous :<\/p>\n<p>Mozilla Firefox<br \/>\nInternet Explorer<br \/>\nGoogle Chrome<br \/>\nSafari 6\/7 Mavericks<br \/>\nSafari 8 Yosemite<br \/>\nSafari auf iPhone, iPad oder iPod touch[\/et_pb_text][\/et_pb_column][\/et_pb_row][\/et_pb_section]<\/p>\n","protected":false},"excerpt":{"rendered":"<p>Politique en mati\u00e8re de cookies Informations Nous utilisons des cookies sur notre site web https:\/\/coffeeberry.coffee afin de collecter des informations qui nous aident \u00e0 am\u00e9liorer votre exp\u00e9rience en ligne. Dans la pr\u00e9sente Politique en mati\u00e8re de cookies, cette cat\u00e9gorie de technologies, qui comprend les cookies, les pixels, les balises Web et les gifs, est collectivement [&hellip;]<\/p>\n","protected":false},"author":23,"featured_media":0,"parent":0,"menu_order":0,"comment_status":"closed","ping_status":"closed","template":"","meta":{"_acf_changed":false,"_et_pb_use_builder":"on","_et_pb_old_content":"","_et_gb_content_width":"","footnotes":""},"difl_page_category":[],"class_list":["post-9019","page","type-page","status-publish","hentry"],"acf":[],"yoast_head":"<!-- This site is optimized with the Yoast SEO plugin v26.1.1 - https:\/\/yoast.com\/wordpress\/plugins\/seo\/ -->\n<title>Politique en mati\u00e8re de cookies - Coffee Berry<\/title>\n<meta name=\"robots\" content=\"index, follow, max-snippet:-1, max-image-preview:large, max-video-preview:-1\" \/>\n<link rel=\"canonical\" href=\"https:\/\/coffeeberry.coffee\/fr\/politique-en-matiere-de-cookies\/\" \/>\n<meta property=\"og:locale\" content=\"fr_FR\" \/>\n<meta property=\"og:type\" content=\"article\" \/>\n<meta property=\"og:title\" content=\"Politique en mati\u00e8re de cookies - Coffee Berry\" \/>\n<meta property=\"og:description\" content=\"Politique en mati\u00e8re de cookies Informations Nous utilisons des cookies sur notre site web https:\/\/coffeeberry.coffee afin de collecter des informations qui nous aident \u00e0 am\u00e9liorer votre exp\u00e9rience en ligne. Dans la pr\u00e9sente Politique en mati\u00e8re de cookies, cette cat\u00e9gorie de technologies, qui comprend les cookies, les pixels, les balises Web et les gifs, est collectivement [&hellip;]\" \/>\n<meta property=\"og:url\" content=\"https:\/\/coffeeberry.coffee\/fr\/politique-en-matiere-de-cookies\/\" \/>\n<meta property=\"og:site_name\" content=\"Coffee Berry\" \/>\n<meta property=\"article:publisher\" content=\"https:\/\/www.facebook.com\/CoffeeBerryGreece\/\" \/>\n<meta property=\"article:modified_time\" content=\"2023-01-13T08:52:09+00:00\" \/>\n<meta name=\"twitter:card\" content=\"summary_large_image\" \/>\n<meta name=\"twitter:label1\" content=\"Dur\u00e9e de lecture estim\u00e9e\" \/>\n\t<meta name=\"twitter:data1\" content=\"11 minutes\" \/>\n<script type=\"application\/ld+json\" class=\"yoast-schema-graph\">{\"@context\":\"https:\/\/schema.org\",\"@graph\":[{\"@type\":\"WebPage\",\"@id\":\"https:\/\/coffeeberry.coffee\/fr\/politique-en-matiere-de-cookies\/\",\"url\":\"https:\/\/coffeeberry.coffee\/fr\/politique-en-matiere-de-cookies\/\",\"name\":\"Politique en mati\u00e8re de cookies - Coffee Berry\",\"isPartOf\":{\"@id\":\"https:\/\/coffeeberry.coffee\/#website\"},\"datePublished\":\"2022-11-19T08:45:11+00:00\",\"dateModified\":\"2023-01-13T08:52:09+00:00\",\"breadcrumb\":{\"@id\":\"https:\/\/coffeeberry.coffee\/fr\/politique-en-matiere-de-cookies\/#breadcrumb\"},\"inLanguage\":\"fr-FR\",\"potentialAction\":[{\"@type\":\"ReadAction\",\"target\":[\"https:\/\/coffeeberry.coffee\/fr\/politique-en-matiere-de-cookies\/\"]}]},{\"@type\":\"BreadcrumbList\",\"@id\":\"https:\/\/coffeeberry.coffee\/fr\/politique-en-matiere-de-cookies\/#breadcrumb\",\"itemListElement\":[{\"@type\":\"ListItem\",\"position\":1,\"name\":\"\u0391\u03c1\u03c7\u03b9\u03ba\u03ae\",\"item\":\"https:\/\/coffeeberry.coffee\/\"},{\"@type\":\"ListItem\",\"position\":2,\"name\":\"Politique en mati\u00e8re de cookies\"}]},{\"@type\":\"WebSite\",\"@id\":\"https:\/\/coffeeberry.coffee\/#website\",\"url\":\"https:\/\/coffeeberry.coffee\/\",\"name\":\"Coffee Berry\",\"description\":\"Tasteful living\",\"publisher\":{\"@id\":\"https:\/\/coffeeberry.coffee\/#organization\"},\"potentialAction\":[{\"@type\":\"SearchAction\",\"target\":{\"@type\":\"EntryPoint\",\"urlTemplate\":\"https:\/\/coffeeberry.coffee\/?s={search_term_string}\"},\"query-input\":{\"@type\":\"PropertyValueSpecification\",\"valueRequired\":true,\"valueName\":\"search_term_string\"}}],\"inLanguage\":\"fr-FR\"},{\"@type\":\"Organization\",\"@id\":\"https:\/\/coffeeberry.coffee\/#organization\",\"name\":\"Coffee Berry\",\"url\":\"https:\/\/coffeeberry.coffee\/\",\"logo\":{\"@type\":\"ImageObject\",\"inLanguage\":\"fr-FR\",\"@id\":\"https:\/\/coffeeberry.coffee\/#\/schema\/logo\/image\/\",\"url\":\"https:\/\/coffeeberry.coffee\/wp-content\/uploads\/2023\/01\/cb100x67.png\",\"contentUrl\":\"https:\/\/coffeeberry.coffee\/wp-content\/uploads\/2023\/01\/cb100x67.png\",\"width\":416,\"height\":179,\"caption\":\"Coffee Berry\"},\"image\":{\"@id\":\"https:\/\/coffeeberry.coffee\/#\/schema\/logo\/image\/\"},\"sameAs\":[\"https:\/\/www.facebook.com\/CoffeeBerryGreece\/\",\"https:\/\/www.instagram.com\/coffeeberrygreece\/?hl=en\"]}]}<\/script>\n<!-- \/ Yoast SEO plugin. -->","yoast_head_json":{"title":"Politique en mati\u00e8re de cookies - Coffee Berry","robots":{"index":"index","follow":"follow","max-snippet":"max-snippet:-1","max-image-preview":"max-image-preview:large","max-video-preview":"max-video-preview:-1"},"canonical":"https:\/\/coffeeberry.coffee\/fr\/politique-en-matiere-de-cookies\/","og_locale":"fr_FR","og_type":"article","og_title":"Politique en mati\u00e8re de cookies - Coffee Berry","og_description":"Politique en mati\u00e8re de cookies Informations Nous utilisons des cookies sur notre site web https:\/\/coffeeberry.coffee afin de collecter des informations qui nous aident \u00e0 am\u00e9liorer votre exp\u00e9rience en ligne. Dans la pr\u00e9sente Politique en mati\u00e8re de cookies, cette cat\u00e9gorie de technologies, qui comprend les cookies, les pixels, les balises Web et les gifs, est collectivement [&hellip;]","og_url":"https:\/\/coffeeberry.coffee\/fr\/politique-en-matiere-de-cookies\/","og_site_name":"Coffee Berry","article_publisher":"https:\/\/www.facebook.com\/CoffeeBerryGreece\/","article_modified_time":"2023-01-13T08:52:09+00:00","twitter_card":"summary_large_image","twitter_misc":{"Dur\u00e9e de lecture estim\u00e9e":"11 minutes"},"schema":{"@context":"https:\/\/schema.org","@graph":[{"@type":"WebPage","@id":"https:\/\/coffeeberry.coffee\/fr\/politique-en-matiere-de-cookies\/","url":"https:\/\/coffeeberry.coffee\/fr\/politique-en-matiere-de-cookies\/","name":"Politique en mati\u00e8re de cookies - Coffee Berry","isPartOf":{"@id":"https:\/\/coffeeberry.coffee\/#website"},"datePublished":"2022-11-19T08:45:11+00:00","dateModified":"2023-01-13T08:52:09+00:00","breadcrumb":{"@id":"https:\/\/coffeeberry.coffee\/fr\/politique-en-matiere-de-cookies\/#breadcrumb"},"inLanguage":"fr-FR","potentialAction":[{"@type":"ReadAction","target":["https:\/\/coffeeberry.coffee\/fr\/politique-en-matiere-de-cookies\/"]}]},{"@type":"BreadcrumbList","@id":"https:\/\/coffeeberry.coffee\/fr\/politique-en-matiere-de-cookies\/#breadcrumb","itemListElement":[{"@type":"ListItem","position":1,"name":"\u0391\u03c1\u03c7\u03b9\u03ba\u03ae","item":"https:\/\/coffeeberry.coffee\/"},{"@type":"ListItem","position":2,"name":"Politique en mati\u00e8re de cookies"}]},{"@type":"WebSite","@id":"https:\/\/coffeeberry.coffee\/#website","url":"https:\/\/coffeeberry.coffee\/","name":"Coffee Berry","description":"Tasteful living","publisher":{"@id":"https:\/\/coffeeberry.coffee\/#organization"},"potentialAction":[{"@type":"SearchAction","target":{"@type":"EntryPoint","urlTemplate":"https:\/\/coffeeberry.coffee\/?s={search_term_string}"},"query-input":{"@type":"PropertyValueSpecification","valueRequired":true,"valueName":"search_term_string"}}],"inLanguage":"fr-FR"},{"@type":"Organization","@id":"https:\/\/coffeeberry.coffee\/#organization","name":"Coffee Berry","url":"https:\/\/coffeeberry.coffee\/","logo":{"@type":"ImageObject","inLanguage":"fr-FR","@id":"https:\/\/coffeeberry.coffee\/#\/schema\/logo\/image\/","url":"https:\/\/coffeeberry.coffee\/wp-content\/uploads\/2023\/01\/cb100x67.png","contentUrl":"https:\/\/coffeeberry.coffee\/wp-content\/uploads\/2023\/01\/cb100x67.png","width":416,"height":179,"caption":"Coffee Berry"},"image":{"@id":"https:\/\/coffeeberry.coffee\/#\/schema\/logo\/image\/"},"sameAs":["https:\/\/www.facebook.com\/CoffeeBerryGreece\/","https:\/\/www.instagram.com\/coffeeberrygreece\/?hl=en"]}]}},"_links":{"self":[{"href":"https:\/\/coffeeberry.coffee\/fr\/wp-json\/wp\/v2\/pages\/9019","targetHints":{"allow":["GET"]}}],"collection":[{"href":"https:\/\/coffeeberry.coffee\/fr\/wp-json\/wp\/v2\/pages"}],"about":[{"href":"https:\/\/coffeeberry.coffee\/fr\/wp-json\/wp\/v2\/types\/page"}],"author":[{"embeddable":true,"href":"https:\/\/coffeeberry.coffee\/fr\/wp-json\/wp\/v2\/users\/23"}],"replies":[{"embeddable":true,"href":"https:\/\/coffeeberry.coffee\/fr\/wp-json\/wp\/v2\/comments?post=9019"}],"version-history":[{"count":5,"href":"https:\/\/coffeeberry.coffee\/fr\/wp-json\/wp\/v2\/pages\/9019\/revisions"}],"predecessor-version":[{"id":9294,"href":"https:\/\/coffeeberry.coffee\/fr\/wp-json\/wp\/v2\/pages\/9019\/revisions\/9294"}],"wp:attachment":[{"href":"https:\/\/coffeeberry.coffee\/fr\/wp-json\/wp\/v2\/media?parent=9019"}],"wp:term":[{"taxonomy":"difl_page_category","embeddable":true,"href":"https:\/\/coffeeberry.coffee\/fr\/wp-json\/wp\/v2\/difl_page_category?post=9019"}],"curies":[{"name":"wp","href":"https:\/\/api.w.org\/{rel}","templated":true}]}}