{"id":9013,"date":"2022-10-17T13:46:20","date_gmt":"2022-10-17T10:46:20","guid":{"rendered":"https:\/\/coffeeberry.coffee\/qualite-securite\/"},"modified":"2023-01-13T10:51:13","modified_gmt":"2023-01-13T08:51:13","slug":"qualite-securite","status":"publish","type":"page","link":"https:\/\/coffeeberry.coffee\/fr\/qualite-securite\/","title":{"rendered":"Qualit\u00e9 &amp; S\u00e9curit\u00e9"},"content":{"rendered":"<p>[et_pb_section fb_built=\u00a0\u00bb1&Prime; fullwidth=\u00a0\u00bbon\u00a0\u00bb _builder_version=\u00a0\u00bb4.18.0&Prime; _dynamic_attributes=\u00a0\u00bbbackground_image\u00a0\u00bb _module_preset=\u00a0\u00bbdefault\u00a0\u00bb background_image=\u00a0\u00bb@ET-DC@eyJkeW5hbWljIjp0cnVlLCJjb250ZW50IjoicG9zdF9mZWF0dXJlZF9pbWFnZSIsInNldHRpbmdzIjp7fX0=@\u00a0\u00bb background_position=\u00a0\u00bbtop_center\u00a0\u00bb height=\u00a0\u00bb600px\u00a0\u00bb global_module=\u00a0\u00bb5758&Prime; global_colors_info=\u00a0\u00bb{}\u00a0\u00bb][et_pb_fullwidth_header text_orientation=\u00a0\u00bbcenter\u00a0\u00bb scroll_down_icon_last_edited=\u00a0\u00bboff|desktop\u00a0\u00bb _builder_version=\u00a0\u00bb4.18.0&Prime; _module_preset=\u00a0\u00bbdefault\u00a0\u00bb title_font=\u00a0\u00bb|800|||||||\u00a0\u00bb title_font_size=\u00a0\u00bb100px\u00a0\u00bb background_enable_color=\u00a0\u00bboff\u00a0\u00bb custom_padding=\u00a0\u00bb||||false|false\u00a0\u00bb title_text_shadow_style=\u00a0\u00bbpreset4&Prime; global_colors_info=\u00a0\u00bb{}\u00a0\u00bb][\/et_pb_fullwidth_header][\/et_pb_section][et_pb_section fb_built=\u00a0\u00bb1&Prime; _builder_version=\u00a0\u00bb4.18.0&Prime; _module_preset=\u00a0\u00bbdefault\u00a0\u00bb background_color=\u00a0\u00bbRGBA(255,255,255,0)\u00a0\u00bb custom_margin=\u00a0\u00bb-40px||0px||false|false\u00a0\u00bb custom_padding=\u00a0\u00bb0px||0px||false|false\u00a0\u00bb global_module=\u00a0\u00bb5753&Prime; saved_tabs=\u00a0\u00bball\u00a0\u00bb global_colors_info=\u00a0\u00bb{}\u00a0\u00bb][et_pb_row _builder_version=\u00a0\u00bb4.18.0&Prime; _module_preset=\u00a0\u00bbdefault\u00a0\u00bb background_color=\u00a0\u00bb#AF9375&Prime; custom_padding=\u00a0\u00bb||||false|false\u00a0\u00bb global_colors_info=\u00a0\u00bb{}\u00a0\u00bb][et_pb_column type=\u00a0\u00bb4_4&Prime; _builder_version=\u00a0\u00bb4.18.0&Prime; _module_preset=\u00a0\u00bbdefault\u00a0\u00bb custom_padding=\u00a0\u00bb10px||5px||false|false\u00a0\u00bb global_colors_info=\u00a0\u00bb{}\u00a0\u00bb][et_pb_text _builder_version=\u00a0\u00bb4.18.0&Prime; _dynamic_attributes=\u00a0\u00bbcontent\u00a0\u00bb _module_preset=\u00a0\u00bbdefault\u00a0\u00bb text_font=\u00a0\u00bbComfortaa|300||on|||||\u00a0\u00bb text_text_color=\u00a0\u00bb#FFFFFF\u00a0\u00bb text_font_size=\u00a0\u00bb43px\u00a0\u00bb text_line_height=\u00a0\u00bb1.1em\u00a0\u00bb text_orientation=\u00a0\u00bbcenter\u00a0\u00bb module_alignment=\u00a0\u00bbcenter\u00a0\u00bb global_colors_info=\u00a0\u00bb{}\u00a0\u00bb]@ET-DC@eyJkeW5hbWljIjp0cnVlLCJjb250ZW50IjoicG9zdF90aXRsZSIsInNldHRpbmdzIjp7ImJlZm9yZSI6IiIsImFmdGVyIjoiIn19@[\/et_pb_text][\/et_pb_column][\/et_pb_row][et_pb_row _builder_version=\u00a0\u00bb4.18.0&Prime; _module_preset=\u00a0\u00bbdefault\u00a0\u00bb global_colors_info=\u00a0\u00bb{}\u00a0\u00bb][et_pb_column type=\u00a0\u00bb4_4&Prime; _builder_version=\u00a0\u00bb4.18.0&Prime; _module_preset=\u00a0\u00bbdefault\u00a0\u00bb global_colors_info=\u00a0\u00bb{}\u00a0\u00bb][lwp_divi_breadcrumbs current_text_color=\u00a0\u00bb#AF9375&Prime; _builder_version=\u00a0\u00bb4.18.0&Prime; _module_preset=\u00a0\u00bbdefault\u00a0\u00bb module_text_align=\u00a0\u00bbcenter\u00a0\u00bb module_font_size=\u00a0\u00bb17px\u00a0\u00bb global_colors_info=\u00a0\u00bb{}\u00a0\u00bb][\/lwp_divi_breadcrumbs][\/et_pb_column][\/et_pb_row][\/et_pb_section][et_pb_section fb_built=\u00a0\u00bb1&Prime; _builder_version=\u00a0\u00bb4.18.0&Prime; _module_preset=\u00a0\u00bbdefault\u00a0\u00bb global_colors_info=\u00a0\u00bb{}\u00a0\u00bb][et_pb_row _builder_version=\u00a0\u00bb4.18.0&Prime; _module_preset=\u00a0\u00bbdefault\u00a0\u00bb custom_padding=\u00a0\u00bb||40px|||\u00a0\u00bb locked=\u00a0\u00bboff\u00a0\u00bb global_colors_info=\u00a0\u00bb{}\u00a0\u00bb][et_pb_column type=\u00a0\u00bb4_4&Prime; _builder_version=\u00a0\u00bb4.18.0&Prime; _module_preset=\u00a0\u00bbdefault\u00a0\u00bb global_colors_info=\u00a0\u00bb{}\u00a0\u00bb][et_pb_text _builder_version=\u00a0\u00bb4.18.0&Prime; _module_preset=\u00a0\u00bbdefault\u00a0\u00bb header_2_font=\u00a0\u00bb|||on|||||\u00a0\u00bb header_2_font_size=\u00a0\u00bb40px\u00a0\u00bb custom_margin=\u00a0\u00bb||7px|||\u00a0\u00bb global_colors_info=\u00a0\u00bb{}\u00a0\u00bb]<\/p>\n<h2 style=\"text-align: center;\">assurance de la qualit\u00e9<\/h2>\n<p>[\/et_pb_text][et_pb_image src=\u00a0\u00bb\/wp-content\/uploads\/revslider\/landing-separator-1.png\u00a0\u00bb title_text=\u00a0\u00bblanding-separator-1.png\u00a0\u00bb align=\u00a0\u00bbcenter\u00a0\u00bb _builder_version=\u00a0\u00bb4.18.0&Prime; _module_preset=\u00a0\u00bbdefault\u00a0\u00bb global_colors_info=\u00a0\u00bb{}\u00a0\u00bb][\/et_pb_image][et_pb_text _builder_version=\u00a0\u00bb4.18.0&Prime; _module_preset=\u00a0\u00bbdefault\u00a0\u00bb text_font=\u00a0\u00bb||||||||\u00a0\u00bb text_font_size=\u00a0\u00bb18px\u00a0\u00bb text_line_height=\u00a0\u00bb1.6em\u00a0\u00bb header_3_font=\u00a0\u00bbComfortaa||||||||\u00a0\u00bb header_3_font_size=\u00a0\u00bb28px\u00a0\u00bb locked=\u00a0\u00bboff\u00a0\u00bb global_colors_info=\u00a0\u00bb{}\u00a0\u00bb]<\/p>\n<p style=\"text-align: center;\">Chez Coffee Berry, nous croyons que l&rsquo;assurance de la qualit\u00e9 de nos mati\u00e8res premi\u00e8res, de nos produits finis ainsi que la s\u00e9curit\u00e9 de nos consommateurs est une priorit\u00e9 absolue et le pilier central de nos activit\u00e9s.<\/p>\n<p>[\/et_pb_text][\/et_pb_column][\/et_pb_row][et_pb_row column_structure=\u00a0\u00bb2_5,3_5&Prime; use_custom_gutter=\u00a0\u00bbon\u00a0\u00bb gutter_width=\u00a0\u00bb2&Prime; make_equal=\u00a0\u00bbon\u00a0\u00bb _builder_version=\u00a0\u00bb4.18.0&Prime; _module_preset=\u00a0\u00bbdefault\u00a0\u00bb max_width=\u00a0\u00bb100%\u00a0\u00bb global_colors_info=\u00a0\u00bb{}\u00a0\u00bb][et_pb_column type=\u00a0\u00bb2_5&Prime; _builder_version=\u00a0\u00bb4.18.0&Prime; _module_preset=\u00a0\u00bbdefault\u00a0\u00bb global_colors_info=\u00a0\u00bb{}\u00a0\u00bb][dipi_image_mask image=\u00a0\u00bb\/wp-content\/uploads\/2022\/11\/P1042026.jpg\u00a0\u00bb shape=\u00a0\u00bbShape3&Prime; shape_rotate=\u00a0\u00bb125deg\u00a0\u00bb image_horz=\u00a0\u00bb23&Prime; layer_1_enable=\u00a0\u00bbon\u00a0\u00bb layer_1_background_color=\u00a0\u00bb#AF9375&Prime; _builder_version=\u00a0\u00bb4.18.0&Prime; _module_preset=\u00a0\u00bbdefault\u00a0\u00bb animation_style=\u00a0\u00bbslide\u00a0\u00bb animation_direction=\u00a0\u00bbleft\u00a0\u00bb hover_enabled=\u00a0\u00bb0&Prime; global_colors_info=\u00a0\u00bb{}\u00a0\u00bb shape_scale_y=\u00a0\u00bb1.16&Prime; image_vert=\u00a0\u00bb-15&Prime; sticky_enabled=\u00a0\u00bb0&Prime;][\/dipi_image_mask][\/et_pb_column][et_pb_column type=\u00a0\u00bb3_5&Prime; _builder_version=\u00a0\u00bb4.18.0&Prime; _module_preset=\u00a0\u00bbdefault\u00a0\u00bb custom_padding=\u00a0\u00bb|30px||30px|false|true\u00a0\u00bb custom_css_main_element=\u00a0\u00bbmargin:auto;\u00a0\u00bb global_colors_info=\u00a0\u00bb{}\u00a0\u00bb][et_pb_divider color=\u00a0\u00bb#AF9375&Prime; divider_position=\u00a0\u00bbcenter\u00a0\u00bb divider_weight=\u00a0\u00bb6px\u00a0\u00bb _builder_version=\u00a0\u00bb4.18.0&Prime; _module_preset=\u00a0\u00bbdefault\u00a0\u00bb width=\u00a0\u00bb100px\u00a0\u00bb global_colors_info=\u00a0\u00bb{}\u00a0\u00bb][\/et_pb_divider][et_pb_text _builder_version=\u00a0\u00bb4.18.0&Prime; _module_preset=\u00a0\u00bbdefault\u00a0\u00bb text_font=\u00a0\u00bb||||||||\u00a0\u00bb text_font_size=\u00a0\u00bb18px\u00a0\u00bb text_line_height=\u00a0\u00bb1.6em\u00a0\u00bb header_3_font=\u00a0\u00bbComfortaa||||||||\u00a0\u00bb header_3_font_size=\u00a0\u00bb28px\u00a0\u00bb global_colors_info=\u00a0\u00bb{}\u00a0\u00bb]<\/p>\n<h3>La qualit\u00e9 et la s\u00e9curit\u00e9 de nos produits<\/h3>\n<p>La qualit\u00e9 et la s\u00e9curit\u00e9 de nos produits caract\u00e9risent toutes les \u00e9tapes du processus de production; de la s\u00e9lection rigoureuse des grains de caf\u00e9, leur stockage dans des conditions appropri\u00e9es selon les normes internationales applicables et leur torr\u00e9faction soign\u00e9e, jusqu&rsquo;\u00e0 l&#8217;emballage et la distribution du caf\u00e9 \u00e0 nos magasins en toute s\u00e9curit\u00e9.<\/p>\n<p>[\/et_pb_text][\/et_pb_column][\/et_pb_row][et_pb_row column_structure=\u00a0\u00bb3_5,2_5&Prime; use_custom_gutter=\u00a0\u00bbon\u00a0\u00bb gutter_width=\u00a0\u00bb2&Prime; make_equal=\u00a0\u00bbon\u00a0\u00bb _builder_version=\u00a0\u00bb4.18.0&Prime; _module_preset=\u00a0\u00bbdefault\u00a0\u00bb max_width=\u00a0\u00bb100%\u00a0\u00bb custom_css_main_element=\u00a0\u00bbdisplay: flex;||flex-wrap: wrap;\u00a0\u00bb locked=\u00a0\u00bboff\u00a0\u00bb global_colors_info=\u00a0\u00bb{}\u00a0\u00bb][et_pb_column type=\u00a0\u00bb3_5&Prime; _builder_version=\u00a0\u00bb4.18.0&Prime; _module_preset=\u00a0\u00bbdefault\u00a0\u00bb custom_padding=\u00a0\u00bb|30px||30px|false|true\u00a0\u00bb custom_css_main_element=\u00a0\u00bbmargin:auto;\u00a0\u00bb global_colors_info=\u00a0\u00bb{}\u00a0\u00bb custom_css_main_element_last_edited=\u00a0\u00bbon|phone\u00a0\u00bb custom_css_main_element_phone=\u00a0\u00bborder:2;\u00a0\u00bb custom_css_main_element_tablet=\u00a0\u00bbmargin:auto;\u00a0\u00bb][et_pb_divider color=\u00a0\u00bb#AF9375&Prime; divider_position=\u00a0\u00bbcenter\u00a0\u00bb divider_weight=\u00a0\u00bb6px\u00a0\u00bb _builder_version=\u00a0\u00bb4.18.0&Prime; _module_preset=\u00a0\u00bbdefault\u00a0\u00bb width=\u00a0\u00bb100px\u00a0\u00bb module_alignment=\u00a0\u00bbright\u00a0\u00bb module_alignment_tablet=\u00a0\u00bbright\u00a0\u00bb module_alignment_phone=\u00a0\u00bbleft\u00a0\u00bb module_alignment_last_edited=\u00a0\u00bbon|phone\u00a0\u00bb locked=\u00a0\u00bboff\u00a0\u00bb global_colors_info=\u00a0\u00bb{}\u00a0\u00bb][\/et_pb_divider][et_pb_text _builder_version=\u00a0\u00bb4.18.0&Prime; _module_preset=\u00a0\u00bbdefault\u00a0\u00bb text_font=\u00a0\u00bb||||||||\u00a0\u00bb text_font_size=\u00a0\u00bb18px\u00a0\u00bb text_line_height=\u00a0\u00bb1.6em\u00a0\u00bb header_3_font=\u00a0\u00bbComfortaa||||||||\u00a0\u00bb header_3_font_size=\u00a0\u00bb28px\u00a0\u00bb text_orientation=\u00a0\u00bbright\u00a0\u00bb text_orientation_tablet=\u00a0\u00bbright\u00a0\u00bb text_orientation_phone=\u00a0\u00bbleft\u00a0\u00bb text_orientation_last_edited=\u00a0\u00bbon|phone\u00a0\u00bb global_colors_info=\u00a0\u00bb{}\u00a0\u00bb]<\/p>\n<h3>\u0399SO 22000:2018<\/h3>\n<p>La confiance des consommateurs est notre passeport pour continuer notre activit\u00e9 et c&rsquo;est pourquoi nous sommes certifi\u00e9s conform\u00e9ment \u00e0 la norme internationale ISO 22000:2018, concernant la gestion et la s\u00e9curit\u00e9 des aliments.<\/p>\n<p>De plus, nous d\u00e9veloppons et mettons en place des syst\u00e8mes internes pour la gestion de la qualit\u00e9 en coop\u00e9ration avec des fournisseurs agr\u00e9\u00e9s, afin d\u2019apporter \u00e0 nos consommateurs des produits fiables et de qualit\u00e9 sup\u00e9rieure, ce qui constitue un engagement moral pour nous.<\/p>\n<p>[\/et_pb_text][\/et_pb_column][et_pb_column type=\u00a0\u00bb2_5&Prime; _builder_version=\u00a0\u00bb4.18.0&Prime; _module_preset=\u00a0\u00bbdefault\u00a0\u00bb custom_css_main_element=\u00a0\u00bbmargin:auto;\u00a0\u00bb global_colors_info=\u00a0\u00bb{}\u00a0\u00bb custom_css_main_element_last_edited=\u00a0\u00bbon|phone\u00a0\u00bb custom_css_main_element_phone=\u00a0\u00bborder:1;\u00a0\u00bb custom_css_main_element_tablet=\u00a0\u00bbmargin:auto;\u00a0\u00bb][dipi_image_mask image=\u00a0\u00bb\/wp-content\/uploads\/2022\/11\/iso.jpg\u00a0\u00bb shape=\u00a0\u00bbShape16&Prime; shape_rotate=\u00a0\u00bb263deg\u00a0\u00bb image_width=\u00a0\u00bb125%\u00a0\u00bb image_horz=\u00a0\u00bb-161&Prime; layer_1_enable=\u00a0\u00bbon\u00a0\u00bb layer_1_background_color=\u00a0\u00bb#AF9375&Prime; _builder_version=\u00a0\u00bb4.18.0&Prime; _module_preset=\u00a0\u00bbdefault\u00a0\u00bb animation_style=\u00a0\u00bbslide\u00a0\u00bb animation_direction=\u00a0\u00bbright\u00a0\u00bb global_colors_info=\u00a0\u00bb{}\u00a0\u00bb][\/dipi_image_mask][\/et_pb_column][\/et_pb_row][\/et_pb_section]<\/p>\n","protected":false},"excerpt":{"rendered":"<p><div class=\"et_pb_module lwp_divi_breadcrumbs lwp_divi_breadcrumbs_0\">\n\t\t\t\t\n\t\t\t\t\n\t\t\t\t\n\t\t\t\t\n\t\t\t\t\n\t\t\t\t\n\t\t\t\t<div class=\"et_pb_module_inner\">\n\t\t\t\t\t<div class=\"lwp-breadcrumbs\"> <span class=\"before\"><\/span> <span vocab=\"https:\/\/schema.org\/\" typeof=\"BreadcrumbList\"><span property=\"itemListElement\" typeof=\"ListItem\"><a property=\"item\" typeof=\"WebPage\" href=\"https:\/\/coffeeberry.coffee\/fr\/\" class=\"home\"><span property=\"name\">Home<\/span><\/a><meta property=\"position\" content=\"1\"><\/span> <span class=\"separator et-pb-icon\">&#x39;<\/span> <\/span><\/div>\n\t\t\t\t<\/div>\n\t\t\t<\/div>assurance de la qualit\u00e9Chez Coffee Berry, nous croyons que l&rsquo;assurance de la qualit\u00e9 de nos mati\u00e8res premi\u00e8res, de nos produits finis ainsi que la s\u00e9curit\u00e9 de nos consommateurs est une priorit\u00e9 absolue et le pilier central de nos activit\u00e9s.<div class=\"et_pb_module dipi_image_mask dipi_image_mask_0 et_animated\">\n\t\t\t\t\n\t\t\t\t\n\t\t\t\t\n\t\t\t\t\n\t\t\t\t\n\t\t\t\t\n\t\t\t\t<div class=\"et_pb_module_inner\">\n\t\t\t\t\t<div class=\"dipi-image-mask--mask\">\n                <svg width=\"100%\" height=\"100%\"  style=\"overflow:visible\" xmlns=\"http:\/\/www.w3.org\/2000\/svg\" xmlns:xlink=\"http:\/\/www.w3.org\/1999\/xlink\" viewBox=\"0 0 1000 1000\" aria-labelledby=\"alt-text-69e73e4cbbdef\" role=\"img\">\n                    <title id=\"alt-text-69e73e4cbbdef\"><\/title>\n                    \n                    <style><\/style>\n                    \n                    \n                    \n                <\/svg>\n            <\/div>\n\t\t\t\t<\/div>\n\t\t\t<\/div><\/p>\n","protected":false},"author":23,"featured_media":8975,"parent":0,"menu_order":0,"comment_status":"closed","ping_status":"closed","template":"","meta":{"_acf_changed":false,"_et_pb_use_builder":"on","_et_pb_old_content":"","_et_gb_content_width":"","footnotes":""},"difl_page_category":[],"class_list":["post-9013","page","type-page","status-publish","has-post-thumbnail","hentry"],"acf":[],"yoast_head":"<!-- This site is optimized with the Yoast SEO plugin v27.4 - https:\/\/yoast.com\/product\/yoast-seo-wordpress\/ -->\n<title>Qualit\u00e9 &amp; S\u00e9curit\u00e9 - Coffee Berry<\/title>\n<meta name=\"robots\" content=\"index, follow, max-snippet:-1, max-image-preview:large, max-video-preview:-1\" \/>\n<link rel=\"canonical\" href=\"https:\/\/coffeeberry.coffee\/fr\/qualite-securite\/\" \/>\n<meta property=\"og:locale\" content=\"fr_FR\" \/>\n<meta property=\"og:type\" content=\"article\" \/>\n<meta property=\"og:title\" content=\"Qualit\u00e9 &amp; S\u00e9curit\u00e9 - Coffee Berry\" \/>\n<meta property=\"og:description\" content=\"assurance de la qualit\u00e9Chez Coffee Berry, nous croyons que l&#039;assurance de la qualit\u00e9 de nos mati\u00e8res premi\u00e8res, de nos produits finis ainsi que la s\u00e9curit\u00e9 de nos consommateurs est une priorit\u00e9 absolue et le pilier central de nos activit\u00e9s.\" \/>\n<meta property=\"og:url\" content=\"https:\/\/coffeeberry.coffee\/fr\/qualite-securite\/\" \/>\n<meta property=\"og:site_name\" content=\"Coffee Berry\" \/>\n<meta property=\"article:publisher\" content=\"https:\/\/www.facebook.com\/CoffeeBerryGreece\/\" \/>\n<meta property=\"article:modified_time\" content=\"2023-01-13T08:51:13+00:00\" \/>\n<meta property=\"og:image\" content=\"https:\/\/coffeeberry.coffee\/wp-content\/uploads\/2022\/11\/P1042013_.jpg\" \/>\n\t<meta property=\"og:image:width\" content=\"1920\" \/>\n\t<meta property=\"og:image:height\" content=\"1080\" \/>\n\t<meta property=\"og:image:type\" content=\"image\/jpeg\" \/>\n<meta name=\"twitter:card\" content=\"summary_large_image\" \/>\n<meta name=\"twitter:label1\" content=\"Dur\u00e9e de lecture estim\u00e9e\" \/>\n\t<meta name=\"twitter:data1\" content=\"5 minutes\" \/>\n<script type=\"application\/ld+json\" class=\"yoast-schema-graph\">{\"@context\":\"https:\\\/\\\/schema.org\",\"@graph\":[{\"@type\":\"WebPage\",\"@id\":\"https:\\\/\\\/coffeeberry.coffee\\\/fr\\\/qualite-securite\\\/\",\"url\":\"https:\\\/\\\/coffeeberry.coffee\\\/fr\\\/qualite-securite\\\/\",\"name\":\"Qualit\u00e9 &amp; S\u00e9curit\u00e9 - Coffee Berry\",\"isPartOf\":{\"@id\":\"https:\\\/\\\/coffeeberry.coffee\\\/#website\"},\"primaryImageOfPage\":{\"@id\":\"https:\\\/\\\/coffeeberry.coffee\\\/fr\\\/qualite-securite\\\/#primaryimage\"},\"image\":{\"@id\":\"https:\\\/\\\/coffeeberry.coffee\\\/fr\\\/qualite-securite\\\/#primaryimage\"},\"thumbnailUrl\":\"https:\\\/\\\/coffeeberry.coffee\\\/wp-content\\\/uploads\\\/2022\\\/11\\\/P1042013_.jpg\",\"datePublished\":\"2022-10-17T10:46:20+00:00\",\"dateModified\":\"2023-01-13T08:51:13+00:00\",\"breadcrumb\":{\"@id\":\"https:\\\/\\\/coffeeberry.coffee\\\/fr\\\/qualite-securite\\\/#breadcrumb\"},\"inLanguage\":\"fr-FR\",\"potentialAction\":[{\"@type\":\"ReadAction\",\"target\":[\"https:\\\/\\\/coffeeberry.coffee\\\/fr\\\/qualite-securite\\\/\"]}]},{\"@type\":\"ImageObject\",\"inLanguage\":\"fr-FR\",\"@id\":\"https:\\\/\\\/coffeeberry.coffee\\\/fr\\\/qualite-securite\\\/#primaryimage\",\"url\":\"https:\\\/\\\/coffeeberry.coffee\\\/wp-content\\\/uploads\\\/2022\\\/11\\\/P1042013_.jpg\",\"contentUrl\":\"https:\\\/\\\/coffeeberry.coffee\\\/wp-content\\\/uploads\\\/2022\\\/11\\\/P1042013_.jpg\",\"width\":1920,\"height\":1080},{\"@type\":\"BreadcrumbList\",\"@id\":\"https:\\\/\\\/coffeeberry.coffee\\\/fr\\\/qualite-securite\\\/#breadcrumb\",\"itemListElement\":[{\"@type\":\"ListItem\",\"position\":1,\"name\":\"\u0391\u03c1\u03c7\u03b9\u03ba\u03ae\",\"item\":\"https:\\\/\\\/coffeeberry.coffee\\\/\"},{\"@type\":\"ListItem\",\"position\":2,\"name\":\"Qualit\u00e9 &amp; S\u00e9curit\u00e9\"}]},{\"@type\":\"WebSite\",\"@id\":\"https:\\\/\\\/coffeeberry.coffee\\\/#website\",\"url\":\"https:\\\/\\\/coffeeberry.coffee\\\/\",\"name\":\"Coffee Berry\",\"description\":\"Tasteful living\",\"publisher\":{\"@id\":\"https:\\\/\\\/coffeeberry.coffee\\\/#organization\"},\"potentialAction\":[{\"@type\":\"SearchAction\",\"target\":{\"@type\":\"EntryPoint\",\"urlTemplate\":\"https:\\\/\\\/coffeeberry.coffee\\\/?s={search_term_string}\"},\"query-input\":{\"@type\":\"PropertyValueSpecification\",\"valueRequired\":true,\"valueName\":\"search_term_string\"}}],\"inLanguage\":\"fr-FR\"},{\"@type\":\"Organization\",\"@id\":\"https:\\\/\\\/coffeeberry.coffee\\\/#organization\",\"name\":\"Coffee Berry\",\"url\":\"https:\\\/\\\/coffeeberry.coffee\\\/\",\"logo\":{\"@type\":\"ImageObject\",\"inLanguage\":\"fr-FR\",\"@id\":\"https:\\\/\\\/coffeeberry.coffee\\\/#\\\/schema\\\/logo\\\/image\\\/\",\"url\":\"https:\\\/\\\/coffeeberry.coffee\\\/wp-content\\\/uploads\\\/2023\\\/01\\\/cb100x67.png\",\"contentUrl\":\"https:\\\/\\\/coffeeberry.coffee\\\/wp-content\\\/uploads\\\/2023\\\/01\\\/cb100x67.png\",\"width\":416,\"height\":179,\"caption\":\"Coffee Berry\"},\"image\":{\"@id\":\"https:\\\/\\\/coffeeberry.coffee\\\/#\\\/schema\\\/logo\\\/image\\\/\"},\"sameAs\":[\"https:\\\/\\\/www.facebook.com\\\/CoffeeBerryGreece\\\/\",\"https:\\\/\\\/www.instagram.com\\\/coffeeberrygreece\\\/?hl=en\"]}]}<\/script>\n<!-- \/ Yoast SEO plugin. -->","yoast_head_json":{"title":"Qualit\u00e9 &amp; S\u00e9curit\u00e9 - Coffee Berry","robots":{"index":"index","follow":"follow","max-snippet":"max-snippet:-1","max-image-preview":"max-image-preview:large","max-video-preview":"max-video-preview:-1"},"canonical":"https:\/\/coffeeberry.coffee\/fr\/qualite-securite\/","og_locale":"fr_FR","og_type":"article","og_title":"Qualit\u00e9 &amp; S\u00e9curit\u00e9 - Coffee Berry","og_description":"assurance de la qualit\u00e9Chez Coffee Berry, nous croyons que l'assurance de la qualit\u00e9 de nos mati\u00e8res premi\u00e8res, de nos produits finis ainsi que la s\u00e9curit\u00e9 de nos consommateurs est une priorit\u00e9 absolue et le pilier central de nos activit\u00e9s.","og_url":"https:\/\/coffeeberry.coffee\/fr\/qualite-securite\/","og_site_name":"Coffee Berry","article_publisher":"https:\/\/www.facebook.com\/CoffeeBerryGreece\/","article_modified_time":"2023-01-13T08:51:13+00:00","og_image":[{"width":1920,"height":1080,"url":"https:\/\/coffeeberry.coffee\/wp-content\/uploads\/2022\/11\/P1042013_.jpg","type":"image\/jpeg"}],"twitter_card":"summary_large_image","twitter_misc":{"Dur\u00e9e de lecture estim\u00e9e":"5 minutes"},"schema":{"@context":"https:\/\/schema.org","@graph":[{"@type":"WebPage","@id":"https:\/\/coffeeberry.coffee\/fr\/qualite-securite\/","url":"https:\/\/coffeeberry.coffee\/fr\/qualite-securite\/","name":"Qualit\u00e9 &amp; S\u00e9curit\u00e9 - Coffee Berry","isPartOf":{"@id":"https:\/\/coffeeberry.coffee\/#website"},"primaryImageOfPage":{"@id":"https:\/\/coffeeberry.coffee\/fr\/qualite-securite\/#primaryimage"},"image":{"@id":"https:\/\/coffeeberry.coffee\/fr\/qualite-securite\/#primaryimage"},"thumbnailUrl":"https:\/\/coffeeberry.coffee\/wp-content\/uploads\/2022\/11\/P1042013_.jpg","datePublished":"2022-10-17T10:46:20+00:00","dateModified":"2023-01-13T08:51:13+00:00","breadcrumb":{"@id":"https:\/\/coffeeberry.coffee\/fr\/qualite-securite\/#breadcrumb"},"inLanguage":"fr-FR","potentialAction":[{"@type":"ReadAction","target":["https:\/\/coffeeberry.coffee\/fr\/qualite-securite\/"]}]},{"@type":"ImageObject","inLanguage":"fr-FR","@id":"https:\/\/coffeeberry.coffee\/fr\/qualite-securite\/#primaryimage","url":"https:\/\/coffeeberry.coffee\/wp-content\/uploads\/2022\/11\/P1042013_.jpg","contentUrl":"https:\/\/coffeeberry.coffee\/wp-content\/uploads\/2022\/11\/P1042013_.jpg","width":1920,"height":1080},{"@type":"BreadcrumbList","@id":"https:\/\/coffeeberry.coffee\/fr\/qualite-securite\/#breadcrumb","itemListElement":[{"@type":"ListItem","position":1,"name":"\u0391\u03c1\u03c7\u03b9\u03ba\u03ae","item":"https:\/\/coffeeberry.coffee\/"},{"@type":"ListItem","position":2,"name":"Qualit\u00e9 &amp; S\u00e9curit\u00e9"}]},{"@type":"WebSite","@id":"https:\/\/coffeeberry.coffee\/#website","url":"https:\/\/coffeeberry.coffee\/","name":"Coffee Berry","description":"Tasteful living","publisher":{"@id":"https:\/\/coffeeberry.coffee\/#organization"},"potentialAction":[{"@type":"SearchAction","target":{"@type":"EntryPoint","urlTemplate":"https:\/\/coffeeberry.coffee\/?s={search_term_string}"},"query-input":{"@type":"PropertyValueSpecification","valueRequired":true,"valueName":"search_term_string"}}],"inLanguage":"fr-FR"},{"@type":"Organization","@id":"https:\/\/coffeeberry.coffee\/#organization","name":"Coffee Berry","url":"https:\/\/coffeeberry.coffee\/","logo":{"@type":"ImageObject","inLanguage":"fr-FR","@id":"https:\/\/coffeeberry.coffee\/#\/schema\/logo\/image\/","url":"https:\/\/coffeeberry.coffee\/wp-content\/uploads\/2023\/01\/cb100x67.png","contentUrl":"https:\/\/coffeeberry.coffee\/wp-content\/uploads\/2023\/01\/cb100x67.png","width":416,"height":179,"caption":"Coffee Berry"},"image":{"@id":"https:\/\/coffeeberry.coffee\/#\/schema\/logo\/image\/"},"sameAs":["https:\/\/www.facebook.com\/CoffeeBerryGreece\/","https:\/\/www.instagram.com\/coffeeberrygreece\/?hl=en"]}]}},"_links":{"self":[{"href":"https:\/\/coffeeberry.coffee\/fr\/wp-json\/wp\/v2\/pages\/9013","targetHints":{"allow":["GET"]}}],"collection":[{"href":"https:\/\/coffeeberry.coffee\/fr\/wp-json\/wp\/v2\/pages"}],"about":[{"href":"https:\/\/coffeeberry.coffee\/fr\/wp-json\/wp\/v2\/types\/page"}],"author":[{"embeddable":true,"href":"https:\/\/coffeeberry.coffee\/fr\/wp-json\/wp\/v2\/users\/23"}],"replies":[{"embeddable":true,"href":"https:\/\/coffeeberry.coffee\/fr\/wp-json\/wp\/v2\/comments?post=9013"}],"version-history":[{"count":5,"href":"https:\/\/coffeeberry.coffee\/fr\/wp-json\/wp\/v2\/pages\/9013\/revisions"}],"predecessor-version":[{"id":9288,"href":"https:\/\/coffeeberry.coffee\/fr\/wp-json\/wp\/v2\/pages\/9013\/revisions\/9288"}],"wp:featuredmedia":[{"embeddable":true,"href":"https:\/\/coffeeberry.coffee\/fr\/wp-json\/wp\/v2\/media\/8975"}],"wp:attachment":[{"href":"https:\/\/coffeeberry.coffee\/fr\/wp-json\/wp\/v2\/media?parent=9013"}],"wp:term":[{"taxonomy":"difl_page_category","embeddable":true,"href":"https:\/\/coffeeberry.coffee\/fr\/wp-json\/wp\/v2\/difl_page_category?post=9013"}],"curies":[{"name":"wp","href":"https:\/\/api.w.org\/{rel}","templated":true}]}}