{"id":9289,"date":"2022-10-17T13:46:20","date_gmt":"2022-10-17T10:46:20","guid":{"rendered":"https:\/\/coffeeberry.coffee\/qualitaet-sicherheit\/"},"modified":"2023-01-13T10:51:26","modified_gmt":"2023-01-13T08:51:26","slug":"qualitaet-sicherheit","status":"publish","type":"page","link":"https:\/\/coffeeberry.coffee\/de\/qualitaet-sicherheit\/","title":{"rendered":"Qualit\u00e4t &amp; Sicherheit"},"content":{"rendered":"<p>[et_pb_section fb_built=&#8220;1&#8243; fullwidth=&#8220;on&#8220; _builder_version=&#8220;4.18.0&#8243; _dynamic_attributes=&#8220;background_image&#8220; _module_preset=&#8220;default&#8220; background_image=&#8220;@ET-DC@eyJkeW5hbWljIjp0cnVlLCJjb250ZW50IjoicG9zdF9mZWF0dXJlZF9pbWFnZSIsInNldHRpbmdzIjp7fX0=@&#8220; background_position=&#8220;top_center&#8220; height=&#8220;600px&#8220; global_module=&#8220;5758&#8243; global_colors_info=&#8220;{}&#8220;][et_pb_fullwidth_header text_orientation=&#8220;center&#8220; scroll_down_icon_last_edited=&#8220;off|desktop&#8220; _builder_version=&#8220;4.18.0&#8243; _module_preset=&#8220;default&#8220; title_font=&#8220;|800|||||||&#8220; title_font_size=&#8220;100px&#8220; background_enable_color=&#8220;off&#8220; custom_padding=&#8220;||||false|false&#8220; title_text_shadow_style=&#8220;preset4&#8243; global_colors_info=&#8220;{}&#8220;][\/et_pb_fullwidth_header][\/et_pb_section][et_pb_section fb_built=&#8220;1&#8243; _builder_version=&#8220;4.18.0&#8243; _module_preset=&#8220;default&#8220; background_color=&#8220;RGBA(255,255,255,0)&#8220; custom_margin=&#8220;-40px||0px||false|false&#8220; custom_padding=&#8220;0px||0px||false|false&#8220; global_module=&#8220;5753&#8243; saved_tabs=&#8220;all&#8220; global_colors_info=&#8220;{}&#8220;][et_pb_row _builder_version=&#8220;4.18.0&#8243; _module_preset=&#8220;default&#8220; background_color=&#8220;#AF9375&#8243; custom_padding=&#8220;||||false|false&#8220; global_colors_info=&#8220;{}&#8220;][et_pb_column type=&#8220;4_4&#8243; _builder_version=&#8220;4.18.0&#8243; _module_preset=&#8220;default&#8220; custom_padding=&#8220;10px||5px||false|false&#8220; global_colors_info=&#8220;{}&#8220;][et_pb_text _builder_version=&#8220;4.18.0&#8243; _dynamic_attributes=&#8220;content&#8220; _module_preset=&#8220;default&#8220; text_font=&#8220;Comfortaa|300||on|||||&#8220; text_text_color=&#8220;#FFFFFF&#8220; text_font_size=&#8220;43px&#8220; text_line_height=&#8220;1.1em&#8220; text_orientation=&#8220;center&#8220; module_alignment=&#8220;center&#8220; global_colors_info=&#8220;{}&#8220;]@ET-DC@eyJkeW5hbWljIjp0cnVlLCJjb250ZW50IjoicG9zdF90aXRsZSIsInNldHRpbmdzIjp7ImJlZm9yZSI6IiIsImFmdGVyIjoiIn19@[\/et_pb_text][\/et_pb_column][\/et_pb_row][et_pb_row _builder_version=&#8220;4.18.0&#8243; _module_preset=&#8220;default&#8220; global_colors_info=&#8220;{}&#8220;][et_pb_column type=&#8220;4_4&#8243; _builder_version=&#8220;4.18.0&#8243; _module_preset=&#8220;default&#8220; global_colors_info=&#8220;{}&#8220;][lwp_divi_breadcrumbs current_text_color=&#8220;#AF9375&#8243; _builder_version=&#8220;4.18.0&#8243; _module_preset=&#8220;default&#8220; module_text_align=&#8220;center&#8220; module_font_size=&#8220;17px&#8220; global_colors_info=&#8220;{}&#8220;][\/lwp_divi_breadcrumbs][\/et_pb_column][\/et_pb_row][\/et_pb_section][et_pb_section fb_built=&#8220;1&#8243; _builder_version=&#8220;4.18.0&#8243; _module_preset=&#8220;default&#8220; global_colors_info=&#8220;{}&#8220;][et_pb_row _builder_version=&#8220;4.18.0&#8243; _module_preset=&#8220;default&#8220; custom_padding=&#8220;||40px|||&#8220; locked=&#8220;off&#8220; global_colors_info=&#8220;{}&#8220;][et_pb_column type=&#8220;4_4&#8243; _builder_version=&#8220;4.18.0&#8243; _module_preset=&#8220;default&#8220; global_colors_info=&#8220;{}&#8220;][et_pb_text _builder_version=&#8220;4.18.0&#8243; _module_preset=&#8220;default&#8220; header_2_font=&#8220;|||on|||||&#8220; header_2_font_size=&#8220;40px&#8220; custom_margin=&#8220;||7px|||&#8220; global_colors_info=&#8220;{}&#8220;]<\/p>\n<h2 style=\"text-align: center;\">Qualit\u00e4t &amp; Sicherheit<\/h2>\n<p>[\/et_pb_text][et_pb_image src=&#8220;\/wp-content\/uploads\/revslider\/landing-separator-1.png&#8220; title_text=&#8220;landing-separator-1.png&#8220; align=&#8220;center&#8220; _builder_version=&#8220;4.18.0&#8243; _module_preset=&#8220;default&#8220; global_colors_info=&#8220;{}&#8220;][\/et_pb_image][et_pb_text _builder_version=&#8220;4.18.0&#8243; _module_preset=&#8220;default&#8220; text_font=&#8220;||||||||&#8220; text_font_size=&#8220;18px&#8220; text_line_height=&#8220;1.6em&#8220; header_3_font=&#8220;Comfortaa||||||||&#8220; header_3_font_size=&#8220;28px&#8220; locked=&#8220;off&#8220; global_colors_info=&#8220;{}&#8220;]<\/p>\n<p style=\"text-align: center;\">Bei Coffee Berry ist die Qualit\u00e4tssicherung der Rohstoffe, der Endprodukte sowie die Sicherheit unserer Kunden unsere oberste Priorit\u00e4t und zentrale S\u00e4ule unserer Gesch\u00e4fte.<\/p>\n<p>[\/et_pb_text][\/et_pb_column][\/et_pb_row][et_pb_row column_structure=&#8220;2_5,3_5&#8243; use_custom_gutter=&#8220;on&#8220; gutter_width=&#8220;2&#8243; make_equal=&#8220;on&#8220; _builder_version=&#8220;4.18.0&#8243; _module_preset=&#8220;default&#8220; max_width=&#8220;100%&#8220; global_colors_info=&#8220;{}&#8220;][et_pb_column type=&#8220;2_5&#8243; _builder_version=&#8220;4.18.0&#8243; _module_preset=&#8220;default&#8220; global_colors_info=&#8220;{}&#8220;][dipi_image_mask image=&#8220;\/wp-content\/uploads\/2022\/11\/P1042026.jpg&#8220; shape=&#8220;Shape3&#8243; shape_rotate=&#8220;125deg&#8220; image_horz=&#8220;23&#8243; layer_1_enable=&#8220;on&#8220; layer_1_background_color=&#8220;#AF9375&#8243; _builder_version=&#8220;4.18.0&#8243; _module_preset=&#8220;default&#8220; animation_style=&#8220;slide&#8220; animation_direction=&#8220;left&#8220; hover_enabled=&#8220;0&#8243; global_colors_info=&#8220;{}&#8220; shape_scale_y=&#8220;1.16&#8243; image_vert=&#8220;-15&#8243; sticky_enabled=&#8220;0&#8243;][\/dipi_image_mask][\/et_pb_column][et_pb_column type=&#8220;3_5&#8243; _builder_version=&#8220;4.18.0&#8243; _module_preset=&#8220;default&#8220; custom_padding=&#8220;|30px||30px|false|true&#8220; custom_css_main_element=&#8220;margin:auto;&#8220; global_colors_info=&#8220;{}&#8220;][et_pb_divider color=&#8220;#AF9375&#8243; divider_position=&#8220;center&#8220; divider_weight=&#8220;6px&#8220; _builder_version=&#8220;4.18.0&#8243; _module_preset=&#8220;default&#8220; width=&#8220;100px&#8220; global_colors_info=&#8220;{}&#8220;][\/et_pb_divider][et_pb_text _builder_version=&#8220;4.18.0&#8243; _module_preset=&#8220;default&#8220; text_font=&#8220;||||||||&#8220; text_font_size=&#8220;18px&#8220; text_line_height=&#8220;1.6em&#8220; header_3_font=&#8220;Comfortaa||||||||&#8220; header_3_font_size=&#8220;28px&#8220; global_colors_info=&#8220;{}&#8220;]<\/p>\n<h3>Qualit\u00e4t und Sicherheit unserer Produkte<\/h3>\n<p>Qualit\u00e4t und Sicherheit unserer Produkte sind unser Markenzeichen in allen Phasen des Produktionsprozesses, von der sorgf\u00e4ltigen Auswahl der Kaffeebohnen, den hervorragenden Lagerbedingungen nach internationalen Standards und der sorgf\u00e4ltigen R\u00f6stung bis hin zur sicheren Verpackung unseres Kaffees und seines Vertriebs an unsere Filialen.<\/p>\n<p>[\/et_pb_text][\/et_pb_column][\/et_pb_row][et_pb_row column_structure=&#8220;3_5,2_5&#8243; use_custom_gutter=&#8220;on&#8220; gutter_width=&#8220;2&#8243; make_equal=&#8220;on&#8220; _builder_version=&#8220;4.18.0&#8243; _module_preset=&#8220;default&#8220; max_width=&#8220;100%&#8220; custom_css_main_element=&#8220;display: flex;||flex-wrap: wrap;&#8220; locked=&#8220;off&#8220; global_colors_info=&#8220;{}&#8220;][et_pb_column type=&#8220;3_5&#8243; _builder_version=&#8220;4.18.0&#8243; _module_preset=&#8220;default&#8220; custom_padding=&#8220;|30px||30px|false|true&#8220; custom_css_main_element=&#8220;margin:auto;&#8220; global_colors_info=&#8220;{}&#8220; custom_css_main_element_last_edited=&#8220;on|phone&#8220; custom_css_main_element_phone=&#8220;order:2;&#8220; custom_css_main_element_tablet=&#8220;margin:auto;&#8220;][et_pb_divider color=&#8220;#AF9375&#8243; divider_position=&#8220;center&#8220; divider_weight=&#8220;6px&#8220; _builder_version=&#8220;4.18.0&#8243; _module_preset=&#8220;default&#8220; width=&#8220;100px&#8220; module_alignment=&#8220;right&#8220; module_alignment_tablet=&#8220;right&#8220; module_alignment_phone=&#8220;left&#8220; module_alignment_last_edited=&#8220;on|phone&#8220; locked=&#8220;off&#8220; global_colors_info=&#8220;{}&#8220;][\/et_pb_divider][et_pb_text _builder_version=&#8220;4.18.0&#8243; _module_preset=&#8220;default&#8220; text_font=&#8220;||||||||&#8220; text_font_size=&#8220;18px&#8220; text_line_height=&#8220;1.6em&#8220; header_3_font=&#8220;Comfortaa||||||||&#8220; header_3_font_size=&#8220;28px&#8220; text_orientation=&#8220;right&#8220; text_orientation_tablet=&#8220;right&#8220; text_orientation_phone=&#8220;left&#8220; text_orientation_last_edited=&#8220;on|phone&#8220; global_colors_info=&#8220;{}&#8220;]<\/p>\n<h3>\u0399SO 22000:2018<\/h3>\n<p>F\u00fcr uns ist das Vertrauen unserer Verbraucher der Grund, unser Werk fortzusetzen, und deshalb sind wir nach ISO 22000:2018, einem internationalen Standard f\u00fcr Lebensmittelsicherheit-Managementsysteme, zertifiziert.<\/p>\n<p>Dar\u00fcber hinaus wenden wir interne Qualit\u00e4tsmanagement-Systeme an und arbeiten mit zugelassenen Lieferanten zusammen, um unseren Verbrauchern Zuverl\u00e4ssigkeit und Produkte von h\u00f6chster Qualit\u00e4t zu gew\u00e4hrleisten, was f\u00fcr uns eine moralische Verpflichtung ist.<\/p>\n<p>[\/et_pb_text][\/et_pb_column][et_pb_column type=&#8220;2_5&#8243; _builder_version=&#8220;4.18.0&#8243; _module_preset=&#8220;default&#8220; custom_css_main_element=&#8220;margin:auto;&#8220; global_colors_info=&#8220;{}&#8220; custom_css_main_element_last_edited=&#8220;on|phone&#8220; custom_css_main_element_phone=&#8220;order:1;&#8220; custom_css_main_element_tablet=&#8220;margin:auto;&#8220;][dipi_image_mask image=&#8220;\/wp-content\/uploads\/2022\/11\/iso.jpg&#8220; shape=&#8220;Shape16&#8243; shape_rotate=&#8220;263deg&#8220; image_width=&#8220;125%&#8220; image_horz=&#8220;-161&#8243; layer_1_enable=&#8220;on&#8220; layer_1_background_color=&#8220;#AF9375&#8243; _builder_version=&#8220;4.18.0&#8243; _module_preset=&#8220;default&#8220; animation_style=&#8220;slide&#8220; animation_direction=&#8220;right&#8220; global_colors_info=&#8220;{}&#8220;][\/dipi_image_mask][\/et_pb_column][\/et_pb_row][\/et_pb_section]<\/p>\n","protected":false},"excerpt":{"rendered":"<p><div class=\"et_pb_module lwp_divi_breadcrumbs lwp_divi_breadcrumbs_0\">\n\t\t\t\t\n\t\t\t\t\n\t\t\t\t\n\t\t\t\t\n\t\t\t\t\n\t\t\t\t\n\t\t\t\t<div class=\"et_pb_module_inner\">\n\t\t\t\t\t<div class=\"lwp-breadcrumbs\"> <span class=\"before\"><\/span> <span vocab=\"https:\/\/schema.org\/\" typeof=\"BreadcrumbList\"><span property=\"itemListElement\" typeof=\"ListItem\"><a property=\"item\" typeof=\"WebPage\" href=\"https:\/\/coffeeberry.coffee\/de\/\" class=\"home\"><span property=\"name\">Home<\/span><\/a><meta property=\"position\" content=\"1\"><\/span> <span class=\"separator et-pb-icon\">&#x39;<\/span> <\/span><\/div>\n\t\t\t\t<\/div>\n\t\t\t<\/div>Qualit\u00e4t &amp; SicherheitBei Coffee Berry ist die Qualit\u00e4tssicherung der Rohstoffe, der Endprodukte sowie die Sicherheit unserer Kunden unsere oberste Priorit\u00e4t und zentrale S\u00e4ule unserer Gesch\u00e4fte.<div class=\"et_pb_module dipi_image_mask dipi_image_mask_0 et_animated\">\n\t\t\t\t\n\t\t\t\t\n\t\t\t\t\n\t\t\t\t\n\t\t\t\t\n\t\t\t\t\n\t\t\t\t<div class=\"et_pb_module_inner\">\n\t\t\t\t\t<div class=\"dipi-image-mask--mask\">\n                <svg width=\"100%\" height=\"100%\"  style=\"overflow:visible\" xmlns=\"http:\/\/www.w3.org\/2000\/svg\" xmlns:xlink=\"http:\/\/www.w3.org\/1999\/xlink\" viewBox=\"0 0 1000 1000\" aria-labelledby=\"alt-text-69ea51f02017b\" role=\"img\">\n                    <title id=\"alt-text-69ea51f02017b\"><\/title>\n                    \n                    <style><\/style>\n                    \n                    \n                <g>\n                    <g style=\"transform-origin: center; transform: rotate(125deg) scale(1 , 1.16)\" fill=\"url(#GRAD_1)\">\n                    <path class=\"st1\" d=\"M402.8,857c-113.4-4.9-193.5-25.4-249.2-55.3c67.7,105.5,210.3,293,474.7,38.8 C561.9,854.3,486.6,860.6,402.8,857z\"\/>\n                    <path class=\"st1\" d=\"M607.7,189.2c70.4,39.8,185.2,87.1,269.7,153.1c-1.6-86.3-30.7-157-77.7-202.1 C727.4,70.8,621.2,83.4,518,117.1C540,140.3,566.8,166.1,607.7,189.2z\"\/>\n                    <path class=\"st1\" d=\"M67.2,450.1c12.2-37.6,52.5-131.3,109.2-219c-50.1,3-87.6,1.6-119.9,37.4c-54.9,61-44.4,172-14.4,277.2 C48.4,509.7,58.6,476.5,67.2,450.1z\"\/><\/g>\n                    <g>\n                        <defs>\n                            <mask id=\"SHAPE_1-69ea51f02016c\" fill=\"#fff\">\n                                <g style=\"transform-origin: center; transform: rotate(125deg) scale(1 , 1.16)\"> \n                                    <path class=\"st0\" d=\"M985,535c-11.2,161-212.8,338-582.2,322C-48.1,837.4,27.9,571.5,67.2,450.1c25.7-79.5,177.4-409.7,343-403.4 c79.6,3,90.4,82,197.5,142.5C732.8,259.9,997.6,354.2,985,535z\"\/>\n                                <\/g>\n                            <\/mask>\n                        <\/defs>\n                        \n        <g style=\"mask:url(#SHAPE_1-69ea51f02016c)\">\n            <image \n                style=\"overflow:visible\" \n                width=100%  \n                href=\/wp-content\/uploads\/2022\/11\/P1042026.jpg\n                transform=\"matrix(1 0 0 1 23 -15)\"\n                preserveAspectRatio=\"none\"> \n            <\/image>\n        <\/g>\n                    <\/g>\n                <\/g>\n                    \n                <\/svg>\n            <\/div>\n\t\t\t\t<\/div>\n\t\t\t<\/div>Qualit\u00e4t und Sicherheit unserer Produkte Qualit\u00e4t und Sicherheit unserer Produkte [&hellip;]<\/p>\n","protected":false},"author":23,"featured_media":8326,"parent":0,"menu_order":0,"comment_status":"closed","ping_status":"closed","template":"","meta":{"_acf_changed":false,"_et_pb_use_builder":"on","_et_pb_old_content":"","_et_gb_content_width":"","footnotes":""},"difl_page_category":[],"class_list":["post-9289","page","type-page","status-publish","has-post-thumbnail","hentry"],"acf":[],"yoast_head":"<!-- This site is optimized with the Yoast SEO plugin v27.4 - https:\/\/yoast.com\/product\/yoast-seo-wordpress\/ -->\n<title>Qualit\u00e4t &amp; Sicherheit - Coffee Berry<\/title>\n<meta name=\"robots\" content=\"index, follow, max-snippet:-1, max-image-preview:large, max-video-preview:-1\" \/>\n<link rel=\"canonical\" href=\"https:\/\/coffeeberry.coffee\/de\/qualitaet-sicherheit\/\" \/>\n<meta property=\"og:locale\" content=\"de_DE\" \/>\n<meta property=\"og:type\" content=\"article\" \/>\n<meta property=\"og:title\" content=\"Qualit\u00e4t &amp; Sicherheit - Coffee Berry\" \/>\n<meta property=\"og:description\" content=\"Qualit\u00e4t &amp; SicherheitBei Coffee Berry ist die Qualit\u00e4tssicherung der Rohstoffe, der Endprodukte sowie die Sicherheit unserer Kunden unsere oberste Priorit\u00e4t und zentrale S\u00e4ule unserer Gesch\u00e4fte.Qualit\u00e4t und Sicherheit unserer Produkte Qualit\u00e4t und Sicherheit unserer Produkte [&hellip;]\" \/>\n<meta property=\"og:url\" content=\"https:\/\/coffeeberry.coffee\/de\/qualitaet-sicherheit\/\" \/>\n<meta property=\"og:site_name\" content=\"Coffee Berry\" \/>\n<meta property=\"article:publisher\" content=\"https:\/\/www.facebook.com\/CoffeeBerryGreece\/\" \/>\n<meta property=\"article:modified_time\" content=\"2023-01-13T08:51:26+00:00\" \/>\n<meta property=\"og:image\" content=\"https:\/\/coffeeberry.coffee\/wp-content\/uploads\/2022\/11\/P1042013_.jpg\" \/>\n\t<meta property=\"og:image:width\" content=\"1920\" \/>\n\t<meta property=\"og:image:height\" content=\"1080\" \/>\n\t<meta property=\"og:image:type\" content=\"image\/jpeg\" \/>\n<meta name=\"twitter:card\" content=\"summary_large_image\" \/>\n<meta name=\"twitter:label1\" content=\"Gesch\u00e4tzte Lesezeit\" \/>\n\t<meta name=\"twitter:data1\" content=\"5\u00a0Minuten\" \/>\n<script type=\"application\/ld+json\" class=\"yoast-schema-graph\">{\"@context\":\"https:\\\/\\\/schema.org\",\"@graph\":[{\"@type\":\"WebPage\",\"@id\":\"https:\\\/\\\/coffeeberry.coffee\\\/de\\\/qualitaet-sicherheit\\\/\",\"url\":\"https:\\\/\\\/coffeeberry.coffee\\\/de\\\/qualitaet-sicherheit\\\/\",\"name\":\"Qualit\u00e4t &amp; Sicherheit - Coffee Berry\",\"isPartOf\":{\"@id\":\"https:\\\/\\\/coffeeberry.coffee\\\/#website\"},\"primaryImageOfPage\":{\"@id\":\"https:\\\/\\\/coffeeberry.coffee\\\/de\\\/qualitaet-sicherheit\\\/#primaryimage\"},\"image\":{\"@id\":\"https:\\\/\\\/coffeeberry.coffee\\\/de\\\/qualitaet-sicherheit\\\/#primaryimage\"},\"thumbnailUrl\":\"https:\\\/\\\/coffeeberry.coffee\\\/wp-content\\\/uploads\\\/2022\\\/11\\\/P1042013_.jpg\",\"datePublished\":\"2022-10-17T10:46:20+00:00\",\"dateModified\":\"2023-01-13T08:51:26+00:00\",\"breadcrumb\":{\"@id\":\"https:\\\/\\\/coffeeberry.coffee\\\/de\\\/qualitaet-sicherheit\\\/#breadcrumb\"},\"inLanguage\":\"de\",\"potentialAction\":[{\"@type\":\"ReadAction\",\"target\":[\"https:\\\/\\\/coffeeberry.coffee\\\/de\\\/qualitaet-sicherheit\\\/\"]}]},{\"@type\":\"ImageObject\",\"inLanguage\":\"de\",\"@id\":\"https:\\\/\\\/coffeeberry.coffee\\\/de\\\/qualitaet-sicherheit\\\/#primaryimage\",\"url\":\"https:\\\/\\\/coffeeberry.coffee\\\/wp-content\\\/uploads\\\/2022\\\/11\\\/P1042013_.jpg\",\"contentUrl\":\"https:\\\/\\\/coffeeberry.coffee\\\/wp-content\\\/uploads\\\/2022\\\/11\\\/P1042013_.jpg\",\"width\":1920,\"height\":1080},{\"@type\":\"BreadcrumbList\",\"@id\":\"https:\\\/\\\/coffeeberry.coffee\\\/de\\\/qualitaet-sicherheit\\\/#breadcrumb\",\"itemListElement\":[{\"@type\":\"ListItem\",\"position\":1,\"name\":\"\u0391\u03c1\u03c7\u03b9\u03ba\u03ae\",\"item\":\"https:\\\/\\\/coffeeberry.coffee\\\/\"},{\"@type\":\"ListItem\",\"position\":2,\"name\":\"Qualit\u00e4t &amp; Sicherheit\"}]},{\"@type\":\"WebSite\",\"@id\":\"https:\\\/\\\/coffeeberry.coffee\\\/#website\",\"url\":\"https:\\\/\\\/coffeeberry.coffee\\\/\",\"name\":\"Coffee Berry\",\"description\":\"Tasteful living\",\"publisher\":{\"@id\":\"https:\\\/\\\/coffeeberry.coffee\\\/#organization\"},\"potentialAction\":[{\"@type\":\"SearchAction\",\"target\":{\"@type\":\"EntryPoint\",\"urlTemplate\":\"https:\\\/\\\/coffeeberry.coffee\\\/?s={search_term_string}\"},\"query-input\":{\"@type\":\"PropertyValueSpecification\",\"valueRequired\":true,\"valueName\":\"search_term_string\"}}],\"inLanguage\":\"de\"},{\"@type\":\"Organization\",\"@id\":\"https:\\\/\\\/coffeeberry.coffee\\\/#organization\",\"name\":\"Coffee Berry\",\"url\":\"https:\\\/\\\/coffeeberry.coffee\\\/\",\"logo\":{\"@type\":\"ImageObject\",\"inLanguage\":\"de\",\"@id\":\"https:\\\/\\\/coffeeberry.coffee\\\/#\\\/schema\\\/logo\\\/image\\\/\",\"url\":\"https:\\\/\\\/coffeeberry.coffee\\\/wp-content\\\/uploads\\\/2023\\\/01\\\/cb100x67.png\",\"contentUrl\":\"https:\\\/\\\/coffeeberry.coffee\\\/wp-content\\\/uploads\\\/2023\\\/01\\\/cb100x67.png\",\"width\":416,\"height\":179,\"caption\":\"Coffee Berry\"},\"image\":{\"@id\":\"https:\\\/\\\/coffeeberry.coffee\\\/#\\\/schema\\\/logo\\\/image\\\/\"},\"sameAs\":[\"https:\\\/\\\/www.facebook.com\\\/CoffeeBerryGreece\\\/\",\"https:\\\/\\\/www.instagram.com\\\/coffeeberrygreece\\\/?hl=en\"]}]}<\/script>\n<!-- \/ Yoast SEO plugin. -->","yoast_head_json":{"title":"Qualit\u00e4t &amp; Sicherheit - Coffee Berry","robots":{"index":"index","follow":"follow","max-snippet":"max-snippet:-1","max-image-preview":"max-image-preview:large","max-video-preview":"max-video-preview:-1"},"canonical":"https:\/\/coffeeberry.coffee\/de\/qualitaet-sicherheit\/","og_locale":"de_DE","og_type":"article","og_title":"Qualit\u00e4t &amp; Sicherheit - Coffee Berry","og_description":"Qualit\u00e4t &amp; SicherheitBei Coffee Berry ist die Qualit\u00e4tssicherung der Rohstoffe, der Endprodukte sowie die Sicherheit unserer Kunden unsere oberste Priorit\u00e4t und zentrale S\u00e4ule unserer Gesch\u00e4fte.Qualit\u00e4t und Sicherheit unserer Produkte Qualit\u00e4t und Sicherheit unserer Produkte [&hellip;]","og_url":"https:\/\/coffeeberry.coffee\/de\/qualitaet-sicherheit\/","og_site_name":"Coffee Berry","article_publisher":"https:\/\/www.facebook.com\/CoffeeBerryGreece\/","article_modified_time":"2023-01-13T08:51:26+00:00","og_image":[{"width":1920,"height":1080,"url":"https:\/\/coffeeberry.coffee\/wp-content\/uploads\/2022\/11\/P1042013_.jpg","type":"image\/jpeg"}],"twitter_card":"summary_large_image","twitter_misc":{"Gesch\u00e4tzte Lesezeit":"5\u00a0Minuten"},"schema":{"@context":"https:\/\/schema.org","@graph":[{"@type":"WebPage","@id":"https:\/\/coffeeberry.coffee\/de\/qualitaet-sicherheit\/","url":"https:\/\/coffeeberry.coffee\/de\/qualitaet-sicherheit\/","name":"Qualit\u00e4t &amp; Sicherheit - Coffee Berry","isPartOf":{"@id":"https:\/\/coffeeberry.coffee\/#website"},"primaryImageOfPage":{"@id":"https:\/\/coffeeberry.coffee\/de\/qualitaet-sicherheit\/#primaryimage"},"image":{"@id":"https:\/\/coffeeberry.coffee\/de\/qualitaet-sicherheit\/#primaryimage"},"thumbnailUrl":"https:\/\/coffeeberry.coffee\/wp-content\/uploads\/2022\/11\/P1042013_.jpg","datePublished":"2022-10-17T10:46:20+00:00","dateModified":"2023-01-13T08:51:26+00:00","breadcrumb":{"@id":"https:\/\/coffeeberry.coffee\/de\/qualitaet-sicherheit\/#breadcrumb"},"inLanguage":"de","potentialAction":[{"@type":"ReadAction","target":["https:\/\/coffeeberry.coffee\/de\/qualitaet-sicherheit\/"]}]},{"@type":"ImageObject","inLanguage":"de","@id":"https:\/\/coffeeberry.coffee\/de\/qualitaet-sicherheit\/#primaryimage","url":"https:\/\/coffeeberry.coffee\/wp-content\/uploads\/2022\/11\/P1042013_.jpg","contentUrl":"https:\/\/coffeeberry.coffee\/wp-content\/uploads\/2022\/11\/P1042013_.jpg","width":1920,"height":1080},{"@type":"BreadcrumbList","@id":"https:\/\/coffeeberry.coffee\/de\/qualitaet-sicherheit\/#breadcrumb","itemListElement":[{"@type":"ListItem","position":1,"name":"\u0391\u03c1\u03c7\u03b9\u03ba\u03ae","item":"https:\/\/coffeeberry.coffee\/"},{"@type":"ListItem","position":2,"name":"Qualit\u00e4t &amp; Sicherheit"}]},{"@type":"WebSite","@id":"https:\/\/coffeeberry.coffee\/#website","url":"https:\/\/coffeeberry.coffee\/","name":"Coffee Berry","description":"Tasteful living","publisher":{"@id":"https:\/\/coffeeberry.coffee\/#organization"},"potentialAction":[{"@type":"SearchAction","target":{"@type":"EntryPoint","urlTemplate":"https:\/\/coffeeberry.coffee\/?s={search_term_string}"},"query-input":{"@type":"PropertyValueSpecification","valueRequired":true,"valueName":"search_term_string"}}],"inLanguage":"de"},{"@type":"Organization","@id":"https:\/\/coffeeberry.coffee\/#organization","name":"Coffee Berry","url":"https:\/\/coffeeberry.coffee\/","logo":{"@type":"ImageObject","inLanguage":"de","@id":"https:\/\/coffeeberry.coffee\/#\/schema\/logo\/image\/","url":"https:\/\/coffeeberry.coffee\/wp-content\/uploads\/2023\/01\/cb100x67.png","contentUrl":"https:\/\/coffeeberry.coffee\/wp-content\/uploads\/2023\/01\/cb100x67.png","width":416,"height":179,"caption":"Coffee Berry"},"image":{"@id":"https:\/\/coffeeberry.coffee\/#\/schema\/logo\/image\/"},"sameAs":["https:\/\/www.facebook.com\/CoffeeBerryGreece\/","https:\/\/www.instagram.com\/coffeeberrygreece\/?hl=en"]}]}},"_links":{"self":[{"href":"https:\/\/coffeeberry.coffee\/de\/wp-json\/wp\/v2\/pages\/9289","targetHints":{"allow":["GET"]}}],"collection":[{"href":"https:\/\/coffeeberry.coffee\/de\/wp-json\/wp\/v2\/pages"}],"about":[{"href":"https:\/\/coffeeberry.coffee\/de\/wp-json\/wp\/v2\/types\/page"}],"author":[{"embeddable":true,"href":"https:\/\/coffeeberry.coffee\/de\/wp-json\/wp\/v2\/users\/23"}],"replies":[{"embeddable":true,"href":"https:\/\/coffeeberry.coffee\/de\/wp-json\/wp\/v2\/comments?post=9289"}],"version-history":[{"count":2,"href":"https:\/\/coffeeberry.coffee\/de\/wp-json\/wp\/v2\/pages\/9289\/revisions"}],"predecessor-version":[{"id":9291,"href":"https:\/\/coffeeberry.coffee\/de\/wp-json\/wp\/v2\/pages\/9289\/revisions\/9291"}],"wp:featuredmedia":[{"embeddable":true,"href":"https:\/\/coffeeberry.coffee\/de\/wp-json\/wp\/v2\/media\/8326"}],"wp:attachment":[{"href":"https:\/\/coffeeberry.coffee\/de\/wp-json\/wp\/v2\/media?parent=9289"}],"wp:term":[{"taxonomy":"difl_page_category","embeddable":true,"href":"https:\/\/coffeeberry.coffee\/de\/wp-json\/wp\/v2\/difl_page_category?post=9289"}],"curies":[{"name":"wp","href":"https:\/\/api.w.org\/{rel}","templated":true}]}}