{"id":9072,"date":"2022-10-17T13:43:54","date_gmt":"2022-10-17T10:43:54","guid":{"rendered":"https:\/\/coffeeberry.coffee\/unternehmerische-sozialverantwortung\/"},"modified":"2023-01-13T10:57:40","modified_gmt":"2023-01-13T08:57:40","slug":"unternehmerische-sozialverantwortung","status":"publish","type":"page","link":"https:\/\/coffeeberry.coffee\/de\/unternehmerische-sozialverantwortung\/","title":{"rendered":"Unternehmerische Sozialverantwortung"},"content":{"rendered":"<p>[et_pb_section fb_built=&#8220;1&#8243; fullwidth=&#8220;on&#8220; _builder_version=&#8220;4.18.0&#8243; _dynamic_attributes=&#8220;background_image&#8220; _module_preset=&#8220;default&#8220; background_image=&#8220;@ET-DC@eyJkeW5hbWljIjp0cnVlLCJjb250ZW50IjoicG9zdF9mZWF0dXJlZF9pbWFnZSIsInNldHRpbmdzIjp7fX0=@&#8220; background_position=&#8220;top_center&#8220; height=&#8220;600px&#8220; global_module=&#8220;5758&#8243; global_colors_info=&#8220;{}&#8220;][et_pb_fullwidth_header text_orientation=&#8220;center&#8220; scroll_down_icon_last_edited=&#8220;off|desktop&#8220; _builder_version=&#8220;4.18.0&#8243; _module_preset=&#8220;default&#8220; title_font=&#8220;|800|||||||&#8220; title_font_size=&#8220;100px&#8220; background_enable_color=&#8220;off&#8220; custom_padding=&#8220;||||false|false&#8220; title_text_shadow_style=&#8220;preset4&#8243; global_colors_info=&#8220;{}&#8220;][\/et_pb_fullwidth_header][\/et_pb_section][et_pb_section fb_built=&#8220;1&#8243; _builder_version=&#8220;4.18.0&#8243; _module_preset=&#8220;default&#8220; background_color=&#8220;RGBA(255,255,255,0)&#8220; custom_margin=&#8220;-40px||0px||false|false&#8220; custom_padding=&#8220;0px||0px||false|false&#8220; global_module=&#8220;5753&#8243; saved_tabs=&#8220;all&#8220; global_colors_info=&#8220;{}&#8220;][et_pb_row _builder_version=&#8220;4.18.0&#8243; _module_preset=&#8220;default&#8220; background_color=&#8220;#AF9375&#8243; custom_padding=&#8220;||||false|false&#8220; global_colors_info=&#8220;{}&#8220;][et_pb_column type=&#8220;4_4&#8243; _builder_version=&#8220;4.18.0&#8243; _module_preset=&#8220;default&#8220; custom_padding=&#8220;10px||5px||false|false&#8220; global_colors_info=&#8220;{}&#8220;][et_pb_text _builder_version=&#8220;4.18.0&#8243; _dynamic_attributes=&#8220;content&#8220; _module_preset=&#8220;default&#8220; text_font=&#8220;Comfortaa|300||on|||||&#8220; text_text_color=&#8220;#FFFFFF&#8220; text_font_size=&#8220;43px&#8220; text_line_height=&#8220;1.1em&#8220; text_orientation=&#8220;center&#8220; module_alignment=&#8220;center&#8220; global_colors_info=&#8220;{}&#8220;]@ET-DC@eyJkeW5hbWljIjp0cnVlLCJjb250ZW50IjoicG9zdF90aXRsZSIsInNldHRpbmdzIjp7ImJlZm9yZSI6IiIsImFmdGVyIjoiIn19@[\/et_pb_text][\/et_pb_column][\/et_pb_row][et_pb_row _builder_version=&#8220;4.18.0&#8243; _module_preset=&#8220;default&#8220; global_colors_info=&#8220;{}&#8220;][et_pb_column type=&#8220;4_4&#8243; _builder_version=&#8220;4.18.0&#8243; _module_preset=&#8220;default&#8220; global_colors_info=&#8220;{}&#8220;][lwp_divi_breadcrumbs current_text_color=&#8220;#AF9375&#8243; _builder_version=&#8220;4.18.0&#8243; _module_preset=&#8220;default&#8220; module_text_align=&#8220;center&#8220; module_font_size=&#8220;17px&#8220; global_colors_info=&#8220;{}&#8220;][\/lwp_divi_breadcrumbs][\/et_pb_column][\/et_pb_row][\/et_pb_section][et_pb_section fb_built=&#8220;1&#8243; _builder_version=&#8220;4.18.0&#8243; _module_preset=&#8220;default&#8220; global_colors_info=&#8220;{}&#8220;][et_pb_row _builder_version=&#8220;4.18.0&#8243; _module_preset=&#8220;default&#8220; custom_padding=&#8220;||54px|||&#8220; locked=&#8220;off&#8220; global_colors_info=&#8220;{}&#8220;][et_pb_column type=&#8220;4_4&#8243; _builder_version=&#8220;4.18.0&#8243; _module_preset=&#8220;default&#8220; global_colors_info=&#8220;{}&#8220;][et_pb_text _builder_version=&#8220;4.18.0&#8243; _module_preset=&#8220;default&#8220; header_2_font=&#8220;|||on|||||&#8220; header_2_font_size=&#8220;40px&#8220; custom_margin=&#8220;||7px|||&#8220; global_colors_info=&#8220;{}&#8220;]<\/p>\n<h2 style=\"text-align: center;\">Unternehmerische Sozialverantwortung<\/h2>\n<p>[\/et_pb_text][et_pb_image src=&#8220;\/wp-content\/uploads\/revslider\/landing-separator-1.png&#8220; title_text=&#8220;landing-separator-1.png&#8220; align=&#8220;center&#8220; _builder_version=&#8220;4.18.0&#8243; _module_preset=&#8220;default&#8220; global_colors_info=&#8220;{}&#8220;][\/et_pb_image][et_pb_text _builder_version=&#8220;4.18.0&#8243; _module_preset=&#8220;default&#8220; text_font=&#8220;||||||||&#8220; text_font_size=&#8220;18px&#8220; text_line_height=&#8220;1.6em&#8220; header_3_font=&#8220;Comfortaa||||||||&#8220; header_3_font_size=&#8220;28px&#8220; text_orientation=&#8220;center&#8220; global_colors_info=&#8220;{}&#8220;]Wir alle bei Coffee Berry betrachten die Unternehmerische Sozialverantwortung als unverzichtbaren Bestandteil unserer Identit\u00e4t, unserer Mission und unserer Unternehmensphilosophie.<\/p>\n<p>Unser Ziel ist, einen Beitrag zur Gesellschaft zu leisten, unsere Mitmenschen zu sensibilisieren, unsere Umwelt zu sch\u00fctzen und eine gesunde Beziehung zu unseren Kunden aufzubauen, die sich auf gegenseitiges Vertrauen st\u00fctzt.<br \/>\n[\/et_pb_text][\/et_pb_column][\/et_pb_row][et_pb_row column_structure=&#8220;2_5,3_5&#8243; use_custom_gutter=&#8220;on&#8220; gutter_width=&#8220;2&#8243; make_equal=&#8220;on&#8220; _builder_version=&#8220;4.18.0&#8243; _module_preset=&#8220;default&#8220; max_width=&#8220;100%&#8220; hover_enabled=&#8220;0&#8243; global_colors_info=&#8220;{}&#8220; sticky_enabled=&#8220;0&#8243;][et_pb_column type=&#8220;2_5&#8243; _builder_version=&#8220;4.18.0&#8243; _module_preset=&#8220;default&#8220; global_colors_info=&#8220;{}&#8220;][dipi_image_mask image=&#8220;\/wp-content\/uploads\/2022\/11\/\u03a0\u03c1\u03cc\u03c3\u03ba\u03bb\u03b7\u03c3\u03b7-Coffee-Berry-Event-200-\u03ba\u03b1\u03c4\u03b1\u03c3\u03c4\u03ae\u03bc\u03b1\u03c4\u03b1-\u03a0\u03ad\u03bc\u03c0\u03c4\u03b7-2-\u0399\u03bf\u03c5\u03bd\u03af\u03bf\u03c5-1.jpg&#8220; shape=&#8220;Shape3&#8243; shape_rotate=&#8220;13deg&#8220; image_horz=&#8220;-23&#8243; image_vert=&#8220;-345&#8243; layer_1_enable=&#8220;on&#8220; layer_1_background_color=&#8220;#AF9375&#8243; _builder_version=&#8220;4.18.0&#8243; _module_preset=&#8220;default&#8220; animation_style=&#8220;slide&#8220; animation_direction=&#8220;left&#8220; global_colors_info=&#8220;{}&#8220;][\/dipi_image_mask][\/et_pb_column][et_pb_column type=&#8220;3_5&#8243; _builder_version=&#8220;4.18.0&#8243; _module_preset=&#8220;default&#8220; custom_padding=&#8220;|30px||30px|false|true&#8220; custom_css_main_element=&#8220;margin:auto;&#8220; global_colors_info=&#8220;{}&#8220;][et_pb_divider color=&#8220;#AF9375&#8243; divider_position=&#8220;center&#8220; divider_weight=&#8220;6px&#8220; _builder_version=&#8220;4.18.0&#8243; _module_preset=&#8220;default&#8220; width=&#8220;100px&#8220; global_colors_info=&#8220;{}&#8220;][\/et_pb_divider][et_pb_text _builder_version=&#8220;4.18.0&#8243; _module_preset=&#8220;default&#8220; text_font=&#8220;||||||||&#8220; text_font_size=&#8220;18px&#8220; text_line_height=&#8220;1.6em&#8220; header_3_font=&#8220;Comfortaa||||||||&#8220; header_3_font_size=&#8220;28px&#8220; global_colors_info=&#8220;{}&#8220;]<\/p>\n<h3>Coffee Berry an der Seite der Kinder<\/h3>\n<p>Mit hohem Verantwortungsbewusstsein und Beitrag f\u00fcr die am st\u00e4rksten gef\u00e4hrdete soziale Gruppe und die Zukunft dieses Landes, unsere Kinder, unterst\u00fctzen wir Organisationen, die jeden Tag darum k\u00e4mpfen, unseren kleinen Freunden wieder ein L\u00e4cheln ins Gesicht zu zaubern.<\/p>\n<p>Gleichzeitig sponsern wir die \u201cMake-A-Wish Organisation\u201d (Make-A-Wish Griechenland), eine Organisation, die Kinder mit schweren oder lebensbedrohlichen Erkrankungen unterst\u00fctzt, und f\u00fchren eine Reihe von Aktionen durch, die 2021 begonnen haben und bis heute weiter verwirklicht werden.<\/p>\n<p>[\/et_pb_text][\/et_pb_column][\/et_pb_row][et_pb_row column_structure=&#8220;3_5,2_5&#8243; use_custom_gutter=&#8220;on&#8220; gutter_width=&#8220;2&#8243; make_equal=&#8220;on&#8220; _builder_version=&#8220;4.18.0&#8243; _module_preset=&#8220;default&#8220; max_width=&#8220;100%&#8220; custom_css_main_element=&#8220;display: flex;||flex-wrap: wrap;&#8220; locked=&#8220;off&#8220; global_colors_info=&#8220;{}&#8220;][et_pb_column type=&#8220;3_5&#8243; _builder_version=&#8220;4.18.0&#8243; _module_preset=&#8220;default&#8220; custom_padding=&#8220;|30px||30px|false|true&#8220; custom_css_main_element=&#8220;margin:auto;&#8220; global_colors_info=&#8220;{}&#8220; custom_css_main_element_last_edited=&#8220;on|phone&#8220; custom_css_main_element_phone=&#8220;order:2;&#8220; custom_css_main_element_tablet=&#8220;margin:auto;&#8220;][et_pb_divider color=&#8220;#AF9375&#8243; divider_position=&#8220;center&#8220; divider_weight=&#8220;6px&#8220; _builder_version=&#8220;4.18.0&#8243; _module_preset=&#8220;default&#8220; width=&#8220;100px&#8220; module_alignment=&#8220;right&#8220; module_alignment_tablet=&#8220;right&#8220; module_alignment_phone=&#8220;left&#8220; module_alignment_last_edited=&#8220;on|phone&#8220; locked=&#8220;off&#8220; global_colors_info=&#8220;{}&#8220;][\/et_pb_divider][et_pb_text _builder_version=&#8220;4.18.0&#8243; _module_preset=&#8220;default&#8220; text_font=&#8220;||||||||&#8220; text_font_size=&#8220;18px&#8220; text_line_height=&#8220;1.6em&#8220; header_3_font=&#8220;Comfortaa||||||||&#8220; header_3_font_size=&#8220;28px&#8220; text_orientation=&#8220;right&#8220; text_orientation_tablet=&#8220;right&#8220; text_orientation_phone=&#8220;left&#8220; text_orientation_last_edited=&#8220;on|phone&#8220; global_colors_info=&#8220;{}&#8220;]<\/p>\n<h3>Coffee Berry an der Seite der Sportler<\/h3>\n<p>Coffee Berry ist stolzer Sponsor der Fu\u00dfballnationalmannschaft<\/p>\n<p>Coffee Berry ist offizieller Sponsor der griechischen Fu\u00dfballnationalmannschaft und zeigt aktiv seine Unterst\u00fctzung f\u00fcr den Sport und seine Menschen.<\/p>\n<p>Wir sind stolz auf jede Leistung und jedes Spiel unserer Nationalmannschaft und sehen es als eine Verpflichtung, an ihrer Seite zu stehen, damit sie noch mehr erreicht. Jedes Spiel unserer Nationalmannschaft ist ein Kommunikationsweg zwischen unserem Land und dem Rest der Welt und wir von Coffee Berry unterst\u00fctzen die Spieler dabei.<\/p>\n<p>Wir wissen die Bedeutung von Sport f\u00fcr Jung und Alt zu sch\u00e4tzen, respektieren Fairplay und unterst\u00fctzen alle Spieler der Fu\u00dfballnationalmannschaft, mit dem Ziel, sie bei ihrer harten Vorbereitung zu helfen und Teil ihres Trainings zu werden.<br \/>\n[\/et_pb_text][\/et_pb_column][et_pb_column type=&#8220;2_5&#8243; _builder_version=&#8220;4.18.0&#8243; _module_preset=&#8220;default&#8220; custom_css_main_element=&#8220;margin:auto;&#8220; global_colors_info=&#8220;{}&#8220; custom_css_main_element_last_edited=&#8220;on|phone&#8220; custom_css_main_element_phone=&#8220;order:1;&#8220; custom_css_main_element_tablet=&#8220;margin:auto;&#8220;][dipi_image_mask image=&#8220;\/wp-content\/uploads\/2022\/11\/Blog12_\u03a4\u03b1-Coffee-Berry-\u03c5\u03c0\u03b5\u03c1\u03ae\u03c6\u03b1\u03bd\u03bf\u03c2-\u03c5\u03c0\u03bf\u03c3\u03c4\u03b7\u03c1\u03b9\u03ba\u03c4\u03ae\u03c2.jpg&#8220; shape=&#8220;Shape3&#8243; shape_rotate=&#8220;179deg&#8220; shape_scale_y=&#8220;1.06&#8243; image_width=&#8220;106%&#8220; image_horz=&#8220;-54&#8243; image_vert=&#8220;114&#8243; layer_1_enable=&#8220;on&#8220; layer_1_background_color=&#8220;#AF9375&#8243; _builder_version=&#8220;4.18.0&#8243; _module_preset=&#8220;default&#8220; animation_style=&#8220;slide&#8220; animation_direction=&#8220;right&#8220; global_colors_info=&#8220;{}&#8220;][\/dipi_image_mask][\/et_pb_column][\/et_pb_row][et_pb_row column_structure=&#8220;2_5,3_5&#8243; use_custom_gutter=&#8220;on&#8220; gutter_width=&#8220;2&#8243; make_equal=&#8220;on&#8220; _builder_version=&#8220;4.18.0&#8243; _module_preset=&#8220;default&#8220; max_width=&#8220;100%&#8220; global_colors_info=&#8220;{}&#8220;][et_pb_column type=&#8220;2_5&#8243; _builder_version=&#8220;4.18.0&#8243; _module_preset=&#8220;default&#8220; global_colors_info=&#8220;{}&#8220;][dipi_image_mask image=&#8220;\/wp-content\/uploads\/2022\/11\/\u0394\u03af\u03c0\u03bb\u03b1-\u03c3\u03c4\u03bf-\u03c0\u03b5\u03c1\u03b9\u03b2\u03ac\u03bb\u03bb\u03bf\u03bd-1-scaled.jpg&#8220; shape=&#8220;Shape3&#8243; shape_rotate=&#8220;13deg&#8220; image_width=&#8220;119%&#8220; image_horz=&#8220;-212&#8243; image_vert=&#8220;23&#8243; layer_1_enable=&#8220;on&#8220; layer_1_background_color=&#8220;#AF9375&#8243; _builder_version=&#8220;4.18.0&#8243; _module_preset=&#8220;default&#8220; animation_style=&#8220;slide&#8220; animation_direction=&#8220;left&#8220; global_colors_info=&#8220;{}&#8220;][\/dipi_image_mask][\/et_pb_column][et_pb_column type=&#8220;3_5&#8243; _builder_version=&#8220;4.18.0&#8243; _module_preset=&#8220;default&#8220; custom_padding=&#8220;|30px||30px|false|true&#8220; custom_css_main_element=&#8220;margin:auto;&#8220; global_colors_info=&#8220;{}&#8220;][et_pb_divider color=&#8220;#AF9375&#8243; divider_position=&#8220;center&#8220; divider_weight=&#8220;6px&#8220; _builder_version=&#8220;4.18.0&#8243; _module_preset=&#8220;default&#8220; width=&#8220;100px&#8220; global_colors_info=&#8220;{}&#8220;][\/et_pb_divider][et_pb_text _builder_version=&#8220;4.18.0&#8243; _module_preset=&#8220;default&#8220; text_font=&#8220;||||||||&#8220; text_font_size=&#8220;18px&#8220; text_line_height=&#8220;1.6em&#8220; header_3_font=&#8220;Comfortaa||||||||&#8220; header_3_font_size=&#8220;28px&#8220; global_colors_info=&#8220;{}&#8220;]<\/p>\n<h3>Coffee Berry unterst\u00fctzt die Umwelt<\/h3>\n<p>Anl\u00e4sslich des internationalen \u201cTag des Kaffees\u201d am 1. Oktober 2020 und im Rahmen von Veranstaltungen und Aktionen zur Feier dieses wertvollen Gutes begann Coffee Berry seine Zusammenarbeit mit NGO WE4ALL.Wir spendeten einen Teil unserer Einnahmen f\u00fcr die Aufforstung in Gebieten in ganz Griechenland, wo dies am n\u00f6tigsten war. Mit Ihrer wertvollen Hilfe und Ihrem Beitrag haben wir es geschafft, die ersten 400 B\u00e4ume zu pflanzen, was f\u00fcr uns nur der Anfang war.<\/p>\n<p>Die Zusammenarbeit wurde am internationalen \u201cTag des Kaffees\u201d 2021 fortgesetzt, wo Ressourcen f\u00fcr die Pflanzung von 1.200 B\u00e4ume gesammelt wurden, w\u00e4hrend das Team von Coffee Berry in Zusammenarbeit mit WE4ALL, anl\u00e4sslich des internationalen \u201cTag des Kaffees\u201d 2022 die Aufforstung einer Region in Ymittos verwirklichte.<\/p>\n<p>Dar\u00fcber hinaus hat das Unternehmen Coffee Berry zum Schutz der Natur und zur Verringerung des Verbrauchs von Plastik und Papier bereits seit letztem Jahr Mehrwegbecher in seine Produkte einbezogen.<\/p>\n<p>Seitdem versuchen wir mit Werbe- und Pr\u00e4mienaktionen unsere Verbraucher aufzukl\u00e4ren und zu ermutigen, Mehrwegbecher zu verwenden, und ihnen den Weg in eine gr\u00fcnere Zukunft zu \u00f6ffnen.<br \/>\n[\/et_pb_text][\/et_pb_column][\/et_pb_row][\/et_pb_section]<\/p>\n","protected":false},"excerpt":{"rendered":"<p><div class=\"et_pb_module lwp_divi_breadcrumbs lwp_divi_breadcrumbs_0\">\n\t\t\t\t\n\t\t\t\t\n\t\t\t\t\n\t\t\t\t\n\t\t\t\t\n\t\t\t\t\n\t\t\t\t<div class=\"et_pb_module_inner\">\n\t\t\t\t\t<div class=\"lwp-breadcrumbs\"> <span class=\"before\"><\/span> <span vocab=\"https:\/\/schema.org\/\" typeof=\"BreadcrumbList\"><span property=\"itemListElement\" typeof=\"ListItem\"><a property=\"item\" typeof=\"WebPage\" href=\"https:\/\/coffeeberry.coffee\/de\/\" class=\"home\"><span property=\"name\">Home<\/span><\/a><meta property=\"position\" content=\"1\"><\/span> <span class=\"separator et-pb-icon\">&amp;#x39;<\/span> <\/span><\/div>\n\t\t\t\t<\/div>\n\t\t\t<\/div>Unternehmerische Sozialverantwortung Wir alle bei Coffee Berry betrachten die Unternehmerische Sozialverantwortung als unverzichtbaren Bestandteil unserer Identit\u00e4t, unserer Mission und unserer Unternehmensphilosophie. Unser Ziel ist, einen Beitrag zur Gesellschaft zu leisten, unsere Mitmenschen zu sensibilisieren, unsere Umwelt zu sch\u00fctzen und eine gesunde Beziehung zu unseren Kunden aufzubauen, die sich auf [&hellip;]<\/p>\n","protected":false},"author":23,"featured_media":8323,"parent":0,"menu_order":0,"comment_status":"closed","ping_status":"closed","template":"","meta":{"_acf_changed":false,"_et_pb_use_builder":"on","_et_pb_old_content":"","_et_gb_content_width":"","footnotes":""},"difl_page_category":[],"class_list":["post-9072","page","type-page","status-publish","has-post-thumbnail","hentry"],"acf":[],"yoast_head":"<!-- This site is optimized with the Yoast SEO plugin v26.1.1 - https:\/\/yoast.com\/wordpress\/plugins\/seo\/ -->\n<title>Unternehmerische Sozialverantwortung - Coffee Berry<\/title>\n<meta name=\"robots\" content=\"index, follow, max-snippet:-1, max-image-preview:large, max-video-preview:-1\" \/>\n<link rel=\"canonical\" href=\"https:\/\/coffeeberry.coffee\/de\/unternehmerische-sozialverantwortung\/\" \/>\n<meta property=\"og:locale\" content=\"de_DE\" \/>\n<meta property=\"og:type\" content=\"article\" \/>\n<meta property=\"og:title\" content=\"Unternehmerische Sozialverantwortung - Coffee Berry\" \/>\n<meta property=\"og:description\" content=\"Unternehmerische Sozialverantwortung Wir alle bei Coffee Berry betrachten die Unternehmerische Sozialverantwortung als unverzichtbaren Bestandteil unserer Identit\u00e4t, unserer Mission und unserer Unternehmensphilosophie. Unser Ziel ist, einen Beitrag zur Gesellschaft zu leisten, unsere Mitmenschen zu sensibilisieren, unsere Umwelt zu sch\u00fctzen und eine gesunde Beziehung zu unseren Kunden aufzubauen, die sich auf [&hellip;]\" \/>\n<meta property=\"og:url\" content=\"https:\/\/coffeeberry.coffee\/de\/unternehmerische-sozialverantwortung\/\" \/>\n<meta property=\"og:site_name\" content=\"Coffee Berry\" \/>\n<meta property=\"article:publisher\" content=\"https:\/\/www.facebook.com\/CoffeeBerryGreece\/\" \/>\n<meta property=\"article:modified_time\" content=\"2023-01-13T08:57:40+00:00\" \/>\n<meta property=\"og:image\" content=\"https:\/\/coffeeberry.coffee\/wp-content\/uploads\/2022\/11\/\u0395\u03b9\u03ba\u03cc\u03bd\u03b11.jpg\" \/>\n\t<meta property=\"og:image:width\" content=\"908\" \/>\n\t<meta property=\"og:image:height\" content=\"510\" \/>\n\t<meta property=\"og:image:type\" content=\"image\/png\" \/>\n<meta name=\"twitter:card\" content=\"summary_large_image\" \/>\n<meta name=\"twitter:label1\" content=\"Gesch\u00e4tzte Lesezeit\" \/>\n\t<meta name=\"twitter:data1\" content=\"7\u00a0Minuten\" \/>\n<script type=\"application\/ld+json\" class=\"yoast-schema-graph\">{\"@context\":\"https:\/\/schema.org\",\"@graph\":[{\"@type\":\"WebPage\",\"@id\":\"https:\/\/coffeeberry.coffee\/de\/unternehmerische-sozialverantwortung\/\",\"url\":\"https:\/\/coffeeberry.coffee\/de\/unternehmerische-sozialverantwortung\/\",\"name\":\"Unternehmerische Sozialverantwortung - Coffee Berry\",\"isPartOf\":{\"@id\":\"https:\/\/coffeeberry.coffee\/#website\"},\"primaryImageOfPage\":{\"@id\":\"https:\/\/coffeeberry.coffee\/de\/unternehmerische-sozialverantwortung\/#primaryimage\"},\"image\":{\"@id\":\"https:\/\/coffeeberry.coffee\/de\/unternehmerische-sozialverantwortung\/#primaryimage\"},\"thumbnailUrl\":\"https:\/\/coffeeberry.coffee\/wp-content\/uploads\/2022\/11\/\u0395\u03b9\u03ba\u03cc\u03bd\u03b11.jpg\",\"datePublished\":\"2022-10-17T10:43:54+00:00\",\"dateModified\":\"2023-01-13T08:57:40+00:00\",\"breadcrumb\":{\"@id\":\"https:\/\/coffeeberry.coffee\/de\/unternehmerische-sozialverantwortung\/#breadcrumb\"},\"inLanguage\":\"de\",\"potentialAction\":[{\"@type\":\"ReadAction\",\"target\":[\"https:\/\/coffeeberry.coffee\/de\/unternehmerische-sozialverantwortung\/\"]}]},{\"@type\":\"ImageObject\",\"inLanguage\":\"de\",\"@id\":\"https:\/\/coffeeberry.coffee\/de\/unternehmerische-sozialverantwortung\/#primaryimage\",\"url\":\"https:\/\/coffeeberry.coffee\/wp-content\/uploads\/2022\/11\/\u0395\u03b9\u03ba\u03cc\u03bd\u03b11.jpg\",\"contentUrl\":\"https:\/\/coffeeberry.coffee\/wp-content\/uploads\/2022\/11\/\u0395\u03b9\u03ba\u03cc\u03bd\u03b11.jpg\",\"width\":908,\"height\":510},{\"@type\":\"BreadcrumbList\",\"@id\":\"https:\/\/coffeeberry.coffee\/de\/unternehmerische-sozialverantwortung\/#breadcrumb\",\"itemListElement\":[{\"@type\":\"ListItem\",\"position\":1,\"name\":\"\u0391\u03c1\u03c7\u03b9\u03ba\u03ae\",\"item\":\"https:\/\/coffeeberry.coffee\/\"},{\"@type\":\"ListItem\",\"position\":2,\"name\":\"Unternehmerische Sozialverantwortung\"}]},{\"@type\":\"WebSite\",\"@id\":\"https:\/\/coffeeberry.coffee\/#website\",\"url\":\"https:\/\/coffeeberry.coffee\/\",\"name\":\"Coffee Berry\",\"description\":\"Tasteful living\",\"publisher\":{\"@id\":\"https:\/\/coffeeberry.coffee\/#organization\"},\"potentialAction\":[{\"@type\":\"SearchAction\",\"target\":{\"@type\":\"EntryPoint\",\"urlTemplate\":\"https:\/\/coffeeberry.coffee\/?s={search_term_string}\"},\"query-input\":{\"@type\":\"PropertyValueSpecification\",\"valueRequired\":true,\"valueName\":\"search_term_string\"}}],\"inLanguage\":\"de\"},{\"@type\":\"Organization\",\"@id\":\"https:\/\/coffeeberry.coffee\/#organization\",\"name\":\"Coffee Berry\",\"url\":\"https:\/\/coffeeberry.coffee\/\",\"logo\":{\"@type\":\"ImageObject\",\"inLanguage\":\"de\",\"@id\":\"https:\/\/coffeeberry.coffee\/#\/schema\/logo\/image\/\",\"url\":\"https:\/\/coffeeberry.coffee\/wp-content\/uploads\/2023\/01\/cb100x67.png\",\"contentUrl\":\"https:\/\/coffeeberry.coffee\/wp-content\/uploads\/2023\/01\/cb100x67.png\",\"width\":416,\"height\":179,\"caption\":\"Coffee Berry\"},\"image\":{\"@id\":\"https:\/\/coffeeberry.coffee\/#\/schema\/logo\/image\/\"},\"sameAs\":[\"https:\/\/www.facebook.com\/CoffeeBerryGreece\/\",\"https:\/\/www.instagram.com\/coffeeberrygreece\/?hl=en\"]}]}<\/script>\n<!-- \/ Yoast SEO plugin. -->","yoast_head_json":{"title":"Unternehmerische Sozialverantwortung - Coffee Berry","robots":{"index":"index","follow":"follow","max-snippet":"max-snippet:-1","max-image-preview":"max-image-preview:large","max-video-preview":"max-video-preview:-1"},"canonical":"https:\/\/coffeeberry.coffee\/de\/unternehmerische-sozialverantwortung\/","og_locale":"de_DE","og_type":"article","og_title":"Unternehmerische Sozialverantwortung - Coffee Berry","og_description":"Unternehmerische Sozialverantwortung Wir alle bei Coffee Berry betrachten die Unternehmerische Sozialverantwortung als unverzichtbaren Bestandteil unserer Identit\u00e4t, unserer Mission und unserer Unternehmensphilosophie. Unser Ziel ist, einen Beitrag zur Gesellschaft zu leisten, unsere Mitmenschen zu sensibilisieren, unsere Umwelt zu sch\u00fctzen und eine gesunde Beziehung zu unseren Kunden aufzubauen, die sich auf [&hellip;]","og_url":"https:\/\/coffeeberry.coffee\/de\/unternehmerische-sozialverantwortung\/","og_site_name":"Coffee Berry","article_publisher":"https:\/\/www.facebook.com\/CoffeeBerryGreece\/","article_modified_time":"2023-01-13T08:57:40+00:00","og_image":[{"width":908,"height":510,"url":"https:\/\/coffeeberry.coffee\/wp-content\/uploads\/2022\/11\/\u0395\u03b9\u03ba\u03cc\u03bd\u03b11.jpg","type":"image\/png"}],"twitter_card":"summary_large_image","twitter_misc":{"Gesch\u00e4tzte Lesezeit":"7\u00a0Minuten"},"schema":{"@context":"https:\/\/schema.org","@graph":[{"@type":"WebPage","@id":"https:\/\/coffeeberry.coffee\/de\/unternehmerische-sozialverantwortung\/","url":"https:\/\/coffeeberry.coffee\/de\/unternehmerische-sozialverantwortung\/","name":"Unternehmerische Sozialverantwortung - Coffee Berry","isPartOf":{"@id":"https:\/\/coffeeberry.coffee\/#website"},"primaryImageOfPage":{"@id":"https:\/\/coffeeberry.coffee\/de\/unternehmerische-sozialverantwortung\/#primaryimage"},"image":{"@id":"https:\/\/coffeeberry.coffee\/de\/unternehmerische-sozialverantwortung\/#primaryimage"},"thumbnailUrl":"https:\/\/coffeeberry.coffee\/wp-content\/uploads\/2022\/11\/\u0395\u03b9\u03ba\u03cc\u03bd\u03b11.jpg","datePublished":"2022-10-17T10:43:54+00:00","dateModified":"2023-01-13T08:57:40+00:00","breadcrumb":{"@id":"https:\/\/coffeeberry.coffee\/de\/unternehmerische-sozialverantwortung\/#breadcrumb"},"inLanguage":"de","potentialAction":[{"@type":"ReadAction","target":["https:\/\/coffeeberry.coffee\/de\/unternehmerische-sozialverantwortung\/"]}]},{"@type":"ImageObject","inLanguage":"de","@id":"https:\/\/coffeeberry.coffee\/de\/unternehmerische-sozialverantwortung\/#primaryimage","url":"https:\/\/coffeeberry.coffee\/wp-content\/uploads\/2022\/11\/\u0395\u03b9\u03ba\u03cc\u03bd\u03b11.jpg","contentUrl":"https:\/\/coffeeberry.coffee\/wp-content\/uploads\/2022\/11\/\u0395\u03b9\u03ba\u03cc\u03bd\u03b11.jpg","width":908,"height":510},{"@type":"BreadcrumbList","@id":"https:\/\/coffeeberry.coffee\/de\/unternehmerische-sozialverantwortung\/#breadcrumb","itemListElement":[{"@type":"ListItem","position":1,"name":"\u0391\u03c1\u03c7\u03b9\u03ba\u03ae","item":"https:\/\/coffeeberry.coffee\/"},{"@type":"ListItem","position":2,"name":"Unternehmerische Sozialverantwortung"}]},{"@type":"WebSite","@id":"https:\/\/coffeeberry.coffee\/#website","url":"https:\/\/coffeeberry.coffee\/","name":"Coffee Berry","description":"Tasteful living","publisher":{"@id":"https:\/\/coffeeberry.coffee\/#organization"},"potentialAction":[{"@type":"SearchAction","target":{"@type":"EntryPoint","urlTemplate":"https:\/\/coffeeberry.coffee\/?s={search_term_string}"},"query-input":{"@type":"PropertyValueSpecification","valueRequired":true,"valueName":"search_term_string"}}],"inLanguage":"de"},{"@type":"Organization","@id":"https:\/\/coffeeberry.coffee\/#organization","name":"Coffee Berry","url":"https:\/\/coffeeberry.coffee\/","logo":{"@type":"ImageObject","inLanguage":"de","@id":"https:\/\/coffeeberry.coffee\/#\/schema\/logo\/image\/","url":"https:\/\/coffeeberry.coffee\/wp-content\/uploads\/2023\/01\/cb100x67.png","contentUrl":"https:\/\/coffeeberry.coffee\/wp-content\/uploads\/2023\/01\/cb100x67.png","width":416,"height":179,"caption":"Coffee Berry"},"image":{"@id":"https:\/\/coffeeberry.coffee\/#\/schema\/logo\/image\/"},"sameAs":["https:\/\/www.facebook.com\/CoffeeBerryGreece\/","https:\/\/www.instagram.com\/coffeeberrygreece\/?hl=en"]}]}},"_links":{"self":[{"href":"https:\/\/coffeeberry.coffee\/de\/wp-json\/wp\/v2\/pages\/9072","targetHints":{"allow":["GET"]}}],"collection":[{"href":"https:\/\/coffeeberry.coffee\/de\/wp-json\/wp\/v2\/pages"}],"about":[{"href":"https:\/\/coffeeberry.coffee\/de\/wp-json\/wp\/v2\/types\/page"}],"author":[{"embeddable":true,"href":"https:\/\/coffeeberry.coffee\/de\/wp-json\/wp\/v2\/users\/23"}],"replies":[{"embeddable":true,"href":"https:\/\/coffeeberry.coffee\/de\/wp-json\/wp\/v2\/comments?post=9072"}],"version-history":[{"count":5,"href":"https:\/\/coffeeberry.coffee\/de\/wp-json\/wp\/v2\/pages\/9072\/revisions"}],"predecessor-version":[{"id":9315,"href":"https:\/\/coffeeberry.coffee\/de\/wp-json\/wp\/v2\/pages\/9072\/revisions\/9315"}],"wp:featuredmedia":[{"embeddable":true,"href":"https:\/\/coffeeberry.coffee\/de\/wp-json\/wp\/v2\/media\/8323"}],"wp:attachment":[{"href":"https:\/\/coffeeberry.coffee\/de\/wp-json\/wp\/v2\/media?parent=9072"}],"wp:term":[{"taxonomy":"difl_page_category","embeddable":true,"href":"https:\/\/coffeeberry.coffee\/de\/wp-json\/wp\/v2\/difl_page_category?post=9072"}],"curies":[{"name":"wp","href":"https:\/\/api.w.org\/{rel}","templated":true}]}}