{"id":9065,"date":"2022-11-19T10:45:11","date_gmt":"2022-11-19T08:45:11","guid":{"rendered":"https:\/\/coffeeberry.coffee\/cookie-richtlinie\/"},"modified":"2023-01-13T10:52:26","modified_gmt":"2023-01-13T08:52:26","slug":"cookie-richtlinie","status":"publish","type":"page","link":"https:\/\/coffeeberry.coffee\/de\/cookie-richtlinie\/","title":{"rendered":"Cookie-Richtlinie"},"content":{"rendered":"<p>[et_pb_section fb_built=&#8220;1&#8243; _builder_version=&#8220;4.18.0&#8243; _module_preset=&#8220;default&#8220; global_colors_info=&#8220;{}&#8220;][et_pb_row _builder_version=&#8220;4.18.0&#8243; _module_preset=&#8220;default&#8220; global_colors_info=&#8220;{}&#8220;][et_pb_column type=&#8220;4_4&#8243; _builder_version=&#8220;4.18.0&#8243; _module_preset=&#8220;default&#8220; global_colors_info=&#8220;{}&#8220;][et_pb_post_title meta=&#8220;off&#8220; featured_image=&#8220;off&#8220; _builder_version=&#8220;4.18.0&#8243; _module_preset=&#8220;default&#8220; global_colors_info=&#8220;{}&#8220;][\/et_pb_post_title][\/et_pb_column][\/et_pb_row][et_pb_row _builder_version=&#8220;4.18.0&#8243; _module_preset=&#8220;default&#8220; global_colors_info=&#8220;{}&#8220;][et_pb_column type=&#8220;4_4&#8243; _builder_version=&#8220;4.18.0&#8243; _module_preset=&#8220;default&#8220; global_colors_info=&#8220;{}&#8220;][et_pb_text _builder_version=&#8220;4.18.0&#8243; _module_preset=&#8220;default&#8220; global_colors_info=&#8220;{}&#8220;]Cookie-Richtlinie <\/p>\n<p>Informationen<br \/>\nWir verwenden Cookies auf unserer Website https:\/\/coffeeberry.coffee, um Informationen zu sammeln, die uns helfen, Ihr Online-Erlebnis zu verbessern. In dieser Cookie-Richtlinie beziehen wir uns auf diese Kategorie von Technologien, die Cookies, Pixel, Web-Beacons und GIFs enthalten, zusammenfassend \u201eCookies\u201c genannt. Diese Richtlinie erl\u00e4utert die verschiedenen Arten von Cookies, die auf der Website verwendet werden, und wie sie kontrolliert werden k\u00f6nnen. Wir behalten uns das Recht vor, diese Cookie-Richtlinie jederzeit zu \u00e4ndern. Bitte beachten Sie die Stelle ,\u00dcBERARBEITET\u201c oben auf dieser Seite, um zu sehen, wann diese Cookie-Richtlinie zuletzt \u00fcberarbeitet wurde. Jegliche \u00c4nderung an dieser Cookie-Richtlinie tritt in Kraft, sobald die \u00fcberarbeitete Cookie-Richtlinie auf oder \u00fcber diese Website verf\u00fcgbar ist. Alle personenbezogenen Daten, die wir durch die Verwendung von Cookies sammeln, werden mit Ihrer ausdr\u00fccklichen Mitteilung und nur vorbehaltlich Ihrer Zustimmung erhoben. Bei Bedarf bieten wir Ihnen die M\u00f6glichkeit, sich abzumelden.<br \/>\nWir hoffen, dass diese Cookie-Richtlinie Ihnen dabei hilft, unsere Verwendung von Cookies zu verstehen und sich sicherer zu f\u00fchlen. Bitte lesen Sie auch unsere Datenschutzrichtlinie auf https:\/\/coffeeberry.coffee, um zu verstehen, auf welche andere Weise wir personenbezogene Daten verarbeiten, die wir \u00fcber Sie sammeln. Bei weiteren Fragen kontaktieren Sie uns bitte per E-mail an dpo@grand.gr<\/p>\n<p>1. WAS SIND COOKIES;<br \/>\nCookies sind kleine Textdateien, die der Webbrowser auf Ihrem Computer oder Mobilger\u00e4t speichert und Buchstaben und Zahlen sowie eine eindeutige Kennung enthalten. Sie werden h\u00e4ufig verwendet, damit Websites funktionieren oder besser und effizienter funktionieren. Sie k\u00f6nnen dies, weil Websites diese Dateien lesen und speichern k\u00f6nnen, wodurch sie Sie \u201cerkennen\u201d und sich an wichtige Informationen erinnern k\u00f6nnen, die Ihnen die Nutzung des Internets erleichtern (z. B. das Speichern der nutzerseitigen Einstellungen).<br \/>\nKonkreter:<\/p>\n<p>\u2022 Sie sammeln Informationen \u00fcber die von Ihnen besuchten Websites und Ihre Aktivit\u00e4ten auf der Website.<br \/>\n\u2022 Sie erm\u00f6glichen der Website, Sie zu \u201cerkennen\u201d und Ihre Erfahrung zu vereinfachen, zum Beispiel:<\/p>\n<p>\u2022 Sich Ihre Benutzer-ID merken<br \/>\n\u2022 Einen Online-Warenkorb mit Ihren Pr\u00e4ferenzen bieten<br \/>\n\u2022 Ihre Pr\u00e4ferenzen verfolgen, wenn Sie die Website erneut besuchen<br \/>\n\u2022 Den Nutzerbed\u00fcrfnissen beim Surfen anpassen<br \/>\n\u2022 Auf Sie ausgerichtete Werbung anzeigen<\/p>\n<p>Cookies \u00fcbermitteln diese Informationen zur\u00fcck an den Computer (oder Server) der Website. Sie k\u00f6nnen Ihren Webbrowser so einstellen, dass er Sie vor Versuchen warnt, Cookies auf Ihrem Computer zu platzieren, oder die Art der Cookies einzuschr\u00e4nken, die Sie auf Ihrem Computer platzieren d\u00fcrfen.<\/p>\n<p>2. WELCHE ARTEN VON COOKIES VERWENDEN WIR?<br \/>\nNachfolgend finden Sie eine Liste verschiedener Arten von Cookies, die wir m\u00f6glicherweise auf der Website verwenden werden.<\/p>\n<p>2.1. 2.1. Notwendige Cookies (First Party Cookies)<br \/>\nNotwendige Cookies sichern die ordnungsgem\u00e4\u00dfe und sichere Funktionsweise einer Website im Internet. Sie erm\u00f6glichen Ihnen das Browsen und die Nutzung ihrer Funktionen, wie z. B. den Zugriff auf sichere Bereiche oder die Verwendung des Warenkorbs. Diese Cookies erkennen Ihre individuelle Identit\u00e4t nicht. Wenn Sie diese Cookies \u00fcber Ihre Browser-Einstellung blockieren, werden Teile unsere Website nicht funktionieren.<\/p>\n<p>2.2. 2.2. Performance Cookies. Performance-Cookies, die manchmal auch als Analyse-Cookies bezeichnet werden, sammeln Informationen hinsichtlich des Nutzerverhaltens auf der jeweiligen Website und dienen zur Verbesserung der Funktionalit\u00e4t der Website. Performance Cookies zeigen uns beispielsweise, welche Seiten der Website und deren Dauer und H\u00e4ufigkeit aufgerufen werden, das Nutzverhalten auf der Website zu sehen und ob Nutzer Fehlermeldungen bekommen und dienen dazu, Daten \u00fcber den Website-Verkehr zu analysieren, damit wir die Leitung unserer Website verbessern k\u00f6nnen. Performance Cookies k\u00f6nnen auf dieser Website Folgendes beinhalten:<\/p>\n<p>Cookie Beschreibung Domain<br \/>\nGoogle Analytics Wir verwenden Google Analytics, um Informationen \u00fcber die Wiedergabe von Videos zu verfolgen www.google.com\/intl\/en_en\/policies\/technologies\/types<br \/>\nGoogle Tag Manager Wir verwenden GTM zu Analysezwecken www.google.com\/policies\/privacy\/<\/p>\n<p>2.3. Funktionale Cookies. In einigen F\u00e4llen k\u00f6nnen wir Funktionale Cookies verwenden. Funktionale Cookies bieten erweitere Funktionen, speichern von Ihnen getroffene Entscheidungen und stellen umfassendere\/zus\u00e4tzliche und personalisiertere Funktionen bereit, z.B. Dienste, die Sie angefordert haben wie Videos ansehen oder das Kommentieren eines Blogs. Alle diese Funktionen helfen uns, uns Ihre Pr\u00e4ferenzen zu merken und Ihren Besuch auf unserer Website besser auf Sie abzustimmen. Funktionale Cookies auf dieser Website k\u00f6nnen Folgendes beinhalten:<br \/>\nCookie Beschreibung Domain<br \/>\nUntertitel-Einstellungen Tp Cookies, die vom Nutzer der Plattform f\u00fcr die Sprachauswahl der Untertitel eingestellt werden www.coffeeberry.coffee<br \/>\nCookie-Richtlinie akzeptiert Annahme der Cookie-Richtlinie speichern www.coffeeberry.coffee<br \/>\nBest\u00e4tigung des Newsletter-Anmeldung Cookies, die platziert werden, um dem Benutzer eine Nachricht anzuzeigen, wenn er seine Anmeldung zum Newsletter best\u00e4tigt hat www.coffeeberry.coffee<br \/>\nBest\u00e4tigung der Newsletter-Abmeldung Cookies, die platziert werden, um dem Benutzer eine Nachricht anzuzeigen, wenn er seine Abmeldung vom Newsletter best\u00e4tigt hat<br \/>\n www.coffeeberry.coffee<\/p>\n<p>2.4. 2.4. Marketing Cookies. Unsere Dienstleister und wir k\u00f6nnen Targeting- oder Werbe-Cookies verwenden, um Werbung anzuzeigen, von der wir glauben, dass sie am besten zu Ihnen und Ihren Interessen passen. Beispielsweise k\u00f6nnen wir Targeting- oder Werbe-Cookies verwenden, um die H\u00e4ufigkeit zu begrenzen, mit der Sie dieselbe Werbung auf unserer Website sehen. Sie dienen auch dazu, den Erfolg bzw. Misserfolg bisher umgesetzter Werbemassnahmen zuverl\u00e4ssig zu beurteilen. Diese Cookies speichern die Interessen, die Sie auf unserer Website verfolgen und wir k\u00f6nnen diese Informationen mit anderen Organisationen wie Werbetreibende teilen.<\/p>\n<p>Weitere Informationen zu Targeting- und Werbe-Cookies sowie zur Deaktivierung finden Sie unter www.youronlinechoices.com\/uk\/your-ad-choices oder www.allaboutcookies.org\/manage-cookies\/index.html. Das Deaktivieren von Targeting- oder Werbe-Cookies von Drittanbietern bedeutet nicht unbedingt, dass Sie unsere Werbung auf Websites von Drittanbietern nicht sehen werden, sondern nur, dass diese Werbung nicht durch die Verwendung von Cookies von Drittanbietern auf Sie ausgerichtet wird.<br \/>\nTargeting- oder Werbe-Cookies k\u00f6nnen auf dieser Website Folgendes beinhalten:<\/p>\n<p>Cookie Beschreibung Domain<br \/>\n\u2026\u2026\u2026\u2026 AdServer Cookies-<br \/>\n_uid,<br \/>\n_vr<br \/>\n_ha, _pr,<br \/>\n_sid, _wr,<br \/>\n_auv,<br \/>\n_sc Diese Cookies werden f\u00fcr die ordnungsgem\u00e4sse Verwaltung von Werbeanzeige \u00fcber den \u2026\u2026\u2026.AdServer verwendet. Die Funktion dieser Cookies umfasst die Identifizierung der Kampagne, Tracking von Werbeanzeigen, Identifizierung und Verwaltung der aktuellen Sitzung einer Person und die zugeh\u00f6rige IP-Adresse (Browser-Session), Tracking von Werbung, die der Nutzer k\u00fcrzlich gesehen hat.<br \/>\nWeitere Informationen finden Sie unter: http:\/\/&#8230;&#8230;..\/&#8230;&#8230;-&#8230;..<br \/>\nSie k\u00f6nnen sich abmelden unter: http:\/\/&#8230;&#8230;\/optout-html&#8220;<br \/>\nFacebook cookies Cookies Verbindung zu sozialen Netzwerken Facebook<br \/>\n[m]]PLATFORM \u2013 id, \u2026\u2026\u2026\u2026\u2026_<PARTNER> Drittanbieter-, Targeting-\/Werbe- und dauerhafte Cookies (d. h. sie werden gespeichert, bis sie ablaufen oder von Ihnen gel\u00f6scht\/entfernt werden).<\/p>\n<p>Diese Cookies erkennen Browser und speichern Daten hinsichtlich der Nutzung auf Websites und andere Informationen. <\/p>\n<p>Sie werden verwendet, um die von Ihnen online bereitgestellten Anzeigen zu verstehen (z. B. welche Websites geliefert wurden, wer sie angesehen hat und ob jemand mit ihnen interagiert hat oder nicht), um die Wirksamkeit der Werbeanzeigen zu verbessern und den Nutzern Werbeanzeigen einzublenden, f\u00fcr deren Produkte und Dienstleistungen sie interessiert sind. <\/p>\n<p>Weitere Informationen finden Sie unter https:\/\/www&#8230;..com\/mplatform-privacy-notice<br \/>\n\u2026\u2026.com<\/p>\n<p>2.5. Flash Cookies. In bestimmten k\u00f6nnen wir mit Hilfe von Adobe Flash Player bestimmte Inhalte wie Videoclips oder Animationen anzeigen. Um Ihr Nutzererlebnis zu verbessern, werden Local Shared Objects (auch als \u201eFlash-Cookies\u201c bekannt) verwendet, um Funktionen wie das Speichern Ihrer Einstellungen und Pr\u00e4ferenzen bereitzustellen. Flash-Cookies werden auf Ihrem Browser gespeichert, aber \u00fcber eine andere Schnittstelle (interface) als die Ihres Webbrowsers verwaltet. Das bedeutet, dass Sie Flash-Cookies auf Browserebene nicht so verwalten k\u00f6nnen, wie Sie andere Cookies verwalten w\u00fcrden. Stattdessen k\u00f6nnen Sie von der Adobe-Website direkt auf die Flash-Tools zugreifen. Die Adobe-Website bietet detaillierte Informationen zum L\u00f6schen oder Deaktivieren von Flash-Cookies \u2013 siehe http:\/\/www.adobe.com\/security\/flashplayer f\u00fcr weitere Informationen. Bitte beachten Sie, dass wenn Sie Flash-Cookies f\u00fcr diese Website deaktivieren oder ablehnen, m\u00f6glicherweise nicht in der Lage sind, auf bestimmte Funktionen zuzugreifen, wie z. B. Videoinhalte oder Dienste, die Ihre Anmeldung\/Registrierung erfordern.<\/p>\n<p>3. WIE VERWENDEN DRITTANBIETER COOKIES AUF DER WEBSITE?<br \/>\nIn einigen F\u00e4llen arbeiten wir m\u00f6glicherweise mit Drittanbietern zusammen, um Dienstleistungen auf unserer Website bereitzustellen. Drittanbieter-Werbetreibende und andere Unternehmen k\u00f6nnen ihre eigenen Cookies verwenden, um Informationen \u00fcber Ihre Aktivit\u00e4ten auf unserer Website und\/oder die von Ihnen ausgew\u00e4hlten Werbeanzeigen zu sammeln. Diese Daten k\u00f6nnen von ihnen f\u00fcr ihre eigene Werbung verwendet werden, die f\u00fcr Sie von Interesse sein k\u00f6nnte, basierend auf den von Ihnen angesehenen Inhalten. Drittanbieter-Werbetreibende k\u00f6nnen die Auswertung dieser Informationen auch zu ihrem Vorteil nutzen, um die Effektivit\u00e4t ihrer Werbung zu bewerten. Wir k\u00f6nnen diese Cookies nicht blockieren, falls Sie Cookies von Drittanbietern deaktivieren oder blockieren m\u00f6chten, wenden Sie sich bitte an die jeweilige Website des Drittanbieters. Sie k\u00f6nnen auch in Abschnitt 4 unten mehr \u00fcber die Kontrolle von Cookies erfahren.<\/p>\n<p>4. WIE KONTROLLIERE UND VERWALTE ICH COOKIES;<br \/>\nSie k\u00f6nnen die Cookies dieser Website jederzeit ablehnen, indem Sie die entsprechende Einstellung in Ihrem Browser aktivieren, die es Ihnen erm\u00f6glicht, sie abzulehnen. Sie k\u00f6nnen Flash-Cookies von dieser Website ablehnen, indem Sie die Adobe Flash-Tools unter www.adobe.com\/security\/flashplayer verwenden. Weitere Informationen \u00fcber das Verfahren zum Deaktivieren von Cookies finden Sie auf der Website des Anbieters im Webbrowser \u00fcber das Hilfefenster. Informationen zu den am h\u00e4ufigsten verwendeten Browsern finden Sie unter www.allaboutcookies.org\/manage-cookies\/index.html. Bitte beachten Sie, dass bei Deaktivierung von Cookies m\u00f6glicherweise alle Funktionen der Website nicht wie vorgesehen funktionieren.<br \/>\nBitte beachten Sie, dass es Browser-Plugins gibt, die den Informationsfluss von einem Computer zu Tracking-Unternehmen blockieren und es Verbrauchern erm\u00f6glichen, Werbung zu blockieren. Sie verhindern, dass Unternehmen Cookies oder Fingerabdr\u00fccke verwenden, um Ihr Verhalten auf der Website zu verfolgen.<\/p>\n<p>Alle aktuellen Browser erm\u00f6glichen dem Nutzer, die \u201eDo Not Track\u201c-Cookie-Einstellungen zu \u00e4ndern Diese sind normalerweise im Browsermen\u00fc des Nutzers unter &#8222;Optionen&#8220; oder &#8222;Einstellungen&#8220; zu finden. F\u00fcr weitere Informationen bez\u00fcglich ihrer Einrichtung kann der Nutzer den Anweisungen in den folgenden Links folgen:<\/p>\n<p>Mozilla Firefox<br \/>\nInternet Explorer<br \/>\nGoogle Chrome<br \/>\nSafari 6\/7 Mavericks<br \/>\nSafari 8 Yosemite<br \/>\nSafari auf iPhone, iPad oder iPod touch[\/et_pb_text][\/et_pb_column][\/et_pb_row][\/et_pb_section]<\/p>\n","protected":false},"excerpt":{"rendered":"<p>Cookie-Richtlinie Informationen Wir verwenden Cookies auf unserer Website https:\/\/coffeeberry.coffee, um Informationen zu sammeln, die uns helfen, Ihr Online-Erlebnis zu verbessern. In dieser Cookie-Richtlinie beziehen wir uns auf diese Kategorie von Technologien, die Cookies, Pixel, Web-Beacons und GIFs enthalten, zusammenfassend \u201eCookies\u201c genannt. Diese Richtlinie erl\u00e4utert die verschiedenen Arten von Cookies, die auf der Website verwendet werden, [&hellip;]<\/p>\n","protected":false},"author":23,"featured_media":0,"parent":0,"menu_order":0,"comment_status":"closed","ping_status":"closed","template":"","meta":{"_acf_changed":false,"_et_pb_use_builder":"on","_et_pb_old_content":"","_et_gb_content_width":"","footnotes":""},"difl_page_category":[],"class_list":["post-9065","page","type-page","status-publish","hentry"],"acf":[],"yoast_head":"<!-- This site is optimized with the Yoast SEO plugin v26.1.1 - https:\/\/yoast.com\/wordpress\/plugins\/seo\/ -->\n<title>Cookie-Richtlinie - Coffee Berry<\/title>\n<meta name=\"robots\" content=\"index, follow, max-snippet:-1, max-image-preview:large, max-video-preview:-1\" \/>\n<link rel=\"canonical\" href=\"https:\/\/coffeeberry.coffee\/de\/cookie-richtlinie\/\" \/>\n<meta property=\"og:locale\" content=\"de_DE\" \/>\n<meta property=\"og:type\" content=\"article\" \/>\n<meta property=\"og:title\" content=\"Cookie-Richtlinie - Coffee Berry\" \/>\n<meta property=\"og:description\" content=\"Cookie-Richtlinie Informationen Wir verwenden Cookies auf unserer Website https:\/\/coffeeberry.coffee, um Informationen zu sammeln, die uns helfen, Ihr Online-Erlebnis zu verbessern. In dieser Cookie-Richtlinie beziehen wir uns auf diese Kategorie von Technologien, die Cookies, Pixel, Web-Beacons und GIFs enthalten, zusammenfassend \u201eCookies\u201c genannt. Diese Richtlinie erl\u00e4utert die verschiedenen Arten von Cookies, die auf der Website verwendet werden, [&hellip;]\" \/>\n<meta property=\"og:url\" content=\"https:\/\/coffeeberry.coffee\/de\/cookie-richtlinie\/\" \/>\n<meta property=\"og:site_name\" content=\"Coffee Berry\" \/>\n<meta property=\"article:publisher\" content=\"https:\/\/www.facebook.com\/CoffeeBerryGreece\/\" \/>\n<meta property=\"article:modified_time\" content=\"2023-01-13T08:52:26+00:00\" \/>\n<meta name=\"twitter:card\" content=\"summary_large_image\" \/>\n<meta name=\"twitter:label1\" content=\"Gesch\u00e4tzte Lesezeit\" \/>\n\t<meta name=\"twitter:data1\" content=\"9\u00a0Minuten\" \/>\n<script type=\"application\/ld+json\" class=\"yoast-schema-graph\">{\"@context\":\"https:\/\/schema.org\",\"@graph\":[{\"@type\":\"WebPage\",\"@id\":\"https:\/\/coffeeberry.coffee\/de\/cookie-richtlinie\/\",\"url\":\"https:\/\/coffeeberry.coffee\/de\/cookie-richtlinie\/\",\"name\":\"Cookie-Richtlinie - Coffee Berry\",\"isPartOf\":{\"@id\":\"https:\/\/coffeeberry.coffee\/#website\"},\"datePublished\":\"2022-11-19T08:45:11+00:00\",\"dateModified\":\"2023-01-13T08:52:26+00:00\",\"breadcrumb\":{\"@id\":\"https:\/\/coffeeberry.coffee\/de\/cookie-richtlinie\/#breadcrumb\"},\"inLanguage\":\"de\",\"potentialAction\":[{\"@type\":\"ReadAction\",\"target\":[\"https:\/\/coffeeberry.coffee\/de\/cookie-richtlinie\/\"]}]},{\"@type\":\"BreadcrumbList\",\"@id\":\"https:\/\/coffeeberry.coffee\/de\/cookie-richtlinie\/#breadcrumb\",\"itemListElement\":[{\"@type\":\"ListItem\",\"position\":1,\"name\":\"\u0391\u03c1\u03c7\u03b9\u03ba\u03ae\",\"item\":\"https:\/\/coffeeberry.coffee\/\"},{\"@type\":\"ListItem\",\"position\":2,\"name\":\"Cookie-Richtlinie\"}]},{\"@type\":\"WebSite\",\"@id\":\"https:\/\/coffeeberry.coffee\/#website\",\"url\":\"https:\/\/coffeeberry.coffee\/\",\"name\":\"Coffee Berry\",\"description\":\"Tasteful living\",\"publisher\":{\"@id\":\"https:\/\/coffeeberry.coffee\/#organization\"},\"potentialAction\":[{\"@type\":\"SearchAction\",\"target\":{\"@type\":\"EntryPoint\",\"urlTemplate\":\"https:\/\/coffeeberry.coffee\/?s={search_term_string}\"},\"query-input\":{\"@type\":\"PropertyValueSpecification\",\"valueRequired\":true,\"valueName\":\"search_term_string\"}}],\"inLanguage\":\"de\"},{\"@type\":\"Organization\",\"@id\":\"https:\/\/coffeeberry.coffee\/#organization\",\"name\":\"Coffee Berry\",\"url\":\"https:\/\/coffeeberry.coffee\/\",\"logo\":{\"@type\":\"ImageObject\",\"inLanguage\":\"de\",\"@id\":\"https:\/\/coffeeberry.coffee\/#\/schema\/logo\/image\/\",\"url\":\"https:\/\/coffeeberry.coffee\/wp-content\/uploads\/2023\/01\/cb100x67.png\",\"contentUrl\":\"https:\/\/coffeeberry.coffee\/wp-content\/uploads\/2023\/01\/cb100x67.png\",\"width\":416,\"height\":179,\"caption\":\"Coffee Berry\"},\"image\":{\"@id\":\"https:\/\/coffeeberry.coffee\/#\/schema\/logo\/image\/\"},\"sameAs\":[\"https:\/\/www.facebook.com\/CoffeeBerryGreece\/\",\"https:\/\/www.instagram.com\/coffeeberrygreece\/?hl=en\"]}]}<\/script>\n<!-- \/ Yoast SEO plugin. -->","yoast_head_json":{"title":"Cookie-Richtlinie - Coffee Berry","robots":{"index":"index","follow":"follow","max-snippet":"max-snippet:-1","max-image-preview":"max-image-preview:large","max-video-preview":"max-video-preview:-1"},"canonical":"https:\/\/coffeeberry.coffee\/de\/cookie-richtlinie\/","og_locale":"de_DE","og_type":"article","og_title":"Cookie-Richtlinie - Coffee Berry","og_description":"Cookie-Richtlinie Informationen Wir verwenden Cookies auf unserer Website https:\/\/coffeeberry.coffee, um Informationen zu sammeln, die uns helfen, Ihr Online-Erlebnis zu verbessern. In dieser Cookie-Richtlinie beziehen wir uns auf diese Kategorie von Technologien, die Cookies, Pixel, Web-Beacons und GIFs enthalten, zusammenfassend \u201eCookies\u201c genannt. Diese Richtlinie erl\u00e4utert die verschiedenen Arten von Cookies, die auf der Website verwendet werden, [&hellip;]","og_url":"https:\/\/coffeeberry.coffee\/de\/cookie-richtlinie\/","og_site_name":"Coffee Berry","article_publisher":"https:\/\/www.facebook.com\/CoffeeBerryGreece\/","article_modified_time":"2023-01-13T08:52:26+00:00","twitter_card":"summary_large_image","twitter_misc":{"Gesch\u00e4tzte Lesezeit":"9\u00a0Minuten"},"schema":{"@context":"https:\/\/schema.org","@graph":[{"@type":"WebPage","@id":"https:\/\/coffeeberry.coffee\/de\/cookie-richtlinie\/","url":"https:\/\/coffeeberry.coffee\/de\/cookie-richtlinie\/","name":"Cookie-Richtlinie - Coffee Berry","isPartOf":{"@id":"https:\/\/coffeeberry.coffee\/#website"},"datePublished":"2022-11-19T08:45:11+00:00","dateModified":"2023-01-13T08:52:26+00:00","breadcrumb":{"@id":"https:\/\/coffeeberry.coffee\/de\/cookie-richtlinie\/#breadcrumb"},"inLanguage":"de","potentialAction":[{"@type":"ReadAction","target":["https:\/\/coffeeberry.coffee\/de\/cookie-richtlinie\/"]}]},{"@type":"BreadcrumbList","@id":"https:\/\/coffeeberry.coffee\/de\/cookie-richtlinie\/#breadcrumb","itemListElement":[{"@type":"ListItem","position":1,"name":"\u0391\u03c1\u03c7\u03b9\u03ba\u03ae","item":"https:\/\/coffeeberry.coffee\/"},{"@type":"ListItem","position":2,"name":"Cookie-Richtlinie"}]},{"@type":"WebSite","@id":"https:\/\/coffeeberry.coffee\/#website","url":"https:\/\/coffeeberry.coffee\/","name":"Coffee Berry","description":"Tasteful living","publisher":{"@id":"https:\/\/coffeeberry.coffee\/#organization"},"potentialAction":[{"@type":"SearchAction","target":{"@type":"EntryPoint","urlTemplate":"https:\/\/coffeeberry.coffee\/?s={search_term_string}"},"query-input":{"@type":"PropertyValueSpecification","valueRequired":true,"valueName":"search_term_string"}}],"inLanguage":"de"},{"@type":"Organization","@id":"https:\/\/coffeeberry.coffee\/#organization","name":"Coffee Berry","url":"https:\/\/coffeeberry.coffee\/","logo":{"@type":"ImageObject","inLanguage":"de","@id":"https:\/\/coffeeberry.coffee\/#\/schema\/logo\/image\/","url":"https:\/\/coffeeberry.coffee\/wp-content\/uploads\/2023\/01\/cb100x67.png","contentUrl":"https:\/\/coffeeberry.coffee\/wp-content\/uploads\/2023\/01\/cb100x67.png","width":416,"height":179,"caption":"Coffee Berry"},"image":{"@id":"https:\/\/coffeeberry.coffee\/#\/schema\/logo\/image\/"},"sameAs":["https:\/\/www.facebook.com\/CoffeeBerryGreece\/","https:\/\/www.instagram.com\/coffeeberrygreece\/?hl=en"]}]}},"_links":{"self":[{"href":"https:\/\/coffeeberry.coffee\/de\/wp-json\/wp\/v2\/pages\/9065","targetHints":{"allow":["GET"]}}],"collection":[{"href":"https:\/\/coffeeberry.coffee\/de\/wp-json\/wp\/v2\/pages"}],"about":[{"href":"https:\/\/coffeeberry.coffee\/de\/wp-json\/wp\/v2\/types\/page"}],"author":[{"embeddable":true,"href":"https:\/\/coffeeberry.coffee\/de\/wp-json\/wp\/v2\/users\/23"}],"replies":[{"embeddable":true,"href":"https:\/\/coffeeberry.coffee\/de\/wp-json\/wp\/v2\/comments?post=9065"}],"version-history":[{"count":5,"href":"https:\/\/coffeeberry.coffee\/de\/wp-json\/wp\/v2\/pages\/9065\/revisions"}],"predecessor-version":[{"id":9297,"href":"https:\/\/coffeeberry.coffee\/de\/wp-json\/wp\/v2\/pages\/9065\/revisions\/9297"}],"wp:attachment":[{"href":"https:\/\/coffeeberry.coffee\/de\/wp-json\/wp\/v2\/media?parent=9065"}],"wp:term":[{"taxonomy":"difl_page_category","embeddable":true,"href":"https:\/\/coffeeberry.coffee\/de\/wp-json\/wp\/v2\/difl_page_category?post=9065"}],"curies":[{"name":"wp","href":"https:\/\/api.w.org\/{rel}","templated":true}]}}